{"id":2005666,"date":"2026-03-05T06:18:42","date_gmt":"2026-03-05T11:18:42","guid":{"rendered":"https:\/\/testyoursite.xyz\/laval\/?page_id=2005666"},"modified":"2026-03-25T11:50:20","modified_gmt":"2026-03-25T15:50:20","slug":"ville-de-laval-quebec","status":"publish","type":"page","link":"https:\/\/testyoursite.xyz\/laval\/ville-de-laval-quebec\/","title":{"rendered":"VILLE DE LAVAL, QUEBEC"},"content":{"rendered":"<div class=\"wpb-content-wrapper\"><p>[vc_row parallax_scroll_effect=\u00a0\u00bbfixed\u00a0\u00bb css=\u00a0\u00bb.vc_custom_1772792118825{background-color: #ffffff !important;}\u00a0\u00bb el_id=\u00a0\u00bbsec1header\u00a0\u00bb][vc_column][vc_row_inner css=\u00a0\u00bb.vc_custom_1588696372238{background-color: #ff5722 !important;}\u00a0\u00bb el_class=\u00a0\u00bbbgblack\u00a0\u00bb][vc_column_inner][vc_cta h2=\u00a0\u00bbDemande de soumission pour travaux d&rsquo;asphalte \u00e0 Laval\u00a0\u00bb h2_font_container=\u00a0\u00bbtag:h2|font_size:30|text_align:left|color:%23ffffff|line_height:1.7&Prime; h2_google_fonts=\u00a0\u00bbfont_family:Oswald%3A300%2Cregular%2C700|font_style:400%20regular%3A400%3Anormal\u00a0\u00bb txt_align=\u00a0\u00bbcenter\u00a0\u00bb shape=\u00a0\u00bbsquare\u00a0\u00bb style=\u00a0\u00bbcustom\u00a0\u00bb add_button=\u00a0\u00bbright\u00a0\u00bb btn_title=\u00a0\u00bbDemande de soumission\u00a0\u00bb btn_style=\u00a0\u00bboutline-custom\u00a0\u00bb btn_outline_custom_color=\u00a0\u00bb#ffffff\u00a0\u00bb btn_outline_custom_hover_background=\u00a0\u00bb#42f900&Prime; btn_outline_custom_hover_text=\u00a0\u00bb#ffffff\u00a0\u00bb btn_shape=\u00a0\u00bbsquare\u00a0\u00bb css=\u00a0\u00bb.vc_custom_1678003312359{background-color: #ff5722 !important;}\u00a0\u00bb use_custom_fonts_h2=\u00a0\u00bbtrue\u00a0\u00bb el_class=\u00a0\u00bbbgwhite\u00a0\u00bb custom_text=\u00a0\u00bb#ffffff\u00a0\u00bb btn_link=\u00a0\u00bburl:https%3A%2F%2Ftestyoursite.xyz%2Flaval%2Fcontactez-nous%2F|||\u00a0\u00bb][\/vc_cta][\/vc_column_inner][\/vc_row_inner][\/vc_column][\/vc_row][vc_row css=\u00a0\u00bb.vc_custom_1772782065318{padding-top: 30px !important;padding-bottom: 30px !important;background-color: #FEE800 !important;}\u00a0\u00bb el_class=\u00a0\u00bbbgblack\u00a0\u00bb][vc_column css=\u00a0\u00bb.vc_custom_1772260816410{padding-top: 0px !important;padding-right: 0px !important;padding-bottom: 0px !important;padding-left: 0px !important;background-color: #000000 !important;}\u00a0\u00bb][vc_cta h2=\u00a0\u00bbDemande de soumission pour travaux d&rsquo;asphalte \u00e0 Laval\u00a0\u00bb h2_font_container=\u00a0\u00bbtag:h2|font_size:30|text_align:left|color:%23ffffff|line_height:1.7&Prime; h2_google_fonts=\u00a0\u00bbfont_family:Oswald%3A300%2Cregular%2C700|font_style:400%20regular%3A400%3Anormal\u00a0\u00bb txt_align=\u00a0\u00bbcenter\u00a0\u00bb shape=\u00a0\u00bbsquare\u00a0\u00bb style=\u00a0\u00bbflat\u00a0\u00bb color=\u00a0\u00bbwhite\u00a0\u00bb add_button=\u00a0\u00bbright\u00a0\u00bb btn_title=\u00a0\u00bbDemande de soumission\u00a0\u00bb btn_style=\u00a0\u00bboutline-custom\u00a0\u00bb btn_outline_custom_color=\u00a0\u00bb#ffffff\u00a0\u00bb btn_outline_custom_hover_background=\u00a0\u00bb#FEE800&Prime; btn_outline_custom_hover_text=\u00a0\u00bb#000000&Prime; btn_shape=\u00a0\u00bbsquare\u00a0\u00bb css=\u00a0\u00bb.vc_custom_1772792065217{margin-bottom: 0px !important;padding-top: 40px !important;padding-right: 40px !important;padding-bottom: 40px !important;padding-left: 40px !important;background-color: #000000 !important;}\u00a0\u00bb use_custom_fonts_h2=\u00a0\u00bbtrue\u00a0\u00bb el_class=\u00a0\u00bbbgwhite\u00a0\u00bb btn_link=\u00a0\u00bburl:https%3A%2F%2Ftestyoursite.xyz%2Flaval%2Fcontactez-nous%2F|||\u00a0\u00bb][\/vc_cta][\/vc_column][\/vc_row][vc_row layout=\u00a0\u00bbboxed\u00a0\u00bb parallax_scroll_effect=\u00a0\u00bbfixed\u00a0\u00bb el_class=\u00a0\u00bbmargin-top-40&Prime;][vc_column width=\u00a0\u00bb3\/4&Prime;][vc_custom_heading text=\u00a0\u00bbASPHALTE \u00c0 LAVAL, QUEBEC\u00a0\u00bb font_container=\u00a0\u00bbtag:h2|font_size:30|text_align:left|color:%230f0f0f\u00a0\u00bb use_theme_fonts=\u00a0\u00bbyes\u00a0\u00bb][vc_custom_heading text=\u00a0\u00bb\u00c0 propos de nos services d&rsquo;asphalte\u00a0\u00bb use_theme_fonts=\u00a0\u00bbyes\u00a0\u00bb][vc_empty_space][vc_column_text]Etes vous \u00e0 la recherche d&rsquo;une <a href=\"https:\/\/testyoursite.xyz\/laval\/\">entreprise de pavage<\/a> pour des services d&rsquo;asphaltage \u00e0 Laval, Laval Asphalte est tout simplement la meilleure solution. Choisir le bon entrepreneur specialise en pavage d&rsquo;asphalte \u00e0 Laval est important pour assurer des travaux d&rsquo;asphaltage bien fait et durables. Avec plus de 25 ans d&rsquo;exp\u00e9rience dans l&rsquo;industrie, Laval Asphalte offre une vaste gamme de services d&rsquo;asphalte \u00e0 Laval pour les clients dans les zones r\u00e9sidentielles, commerciales et industrielles.<\/p>\n<p>Que vous soyez \u00e0 la recherche de pavage d&rsquo;asphalte, service de scellant d&rsquo;asphalte, pavage complet,\u00a0 r\u00e9parations d&rsquo;asphalte ou resurfa\u00e7age d&rsquo;asphalte \u00e0 Laval; nous pouvons prendre en charge votre projet d&rsquo;asphalte.<\/p>\n<p>Contactez-nous au 450-328-4118 pour vos travaux d&rsquo;asphalte \u00e0 Laval. Nous \u00e9valuerons vos besoins et vous recommanderons la meilleure solution. Avec plus de 8 000 clients satisfaits, nous sommes s\u00fbrs d&rsquo;offrir les meilleurs services d&rsquo;asphalte \u00e0 Laval.[\/vc_column_text][vc_empty_space height=\u00a0\u00bb52px\u00a0\u00bb][vc_single_image image=\u00a0\u00bb4181&Prime; img_size=\u00a0\u00bbfull\u00a0\u00bb alignment=\u00a0\u00bbcenter\u00a0\u00bb][vc_empty_space height=\u00a0\u00bb62px\u00a0\u00bb][vc_custom_heading text=\u00a0\u00bbAsphalte Laval; Laval, Quebec\u00a0\u00bb use_theme_fonts=\u00a0\u00bbyes\u00a0\u00bb]<div id=\"ultimate-video-597069e48a04565ef\" class=\"ult-video  ult-adjust-bottom-margin ultimate-video-597069e48a04565ef ultv-3421 \"><div class=\"ultv-video ultv-aspect-ratio-16_9 ultv-subscribe-responsive-none\" data-videotype=\"uv_iframe\">\n\t\t\t\t\t\t<div class=\"ultv-video__outer-wrap\" data-autoplay=\"0\" data-device=\"false\"  data-iconbg=\"#3A3A3A\" data-overcolor=\"\" data-defaultbg=\"#1f1f1e\" data-defaultplay=\"defaulticon\"><div class=\"ultv-video__play\" data-src=\"https:\/\/www.youtube-nocookie.com\/embed\/cA_KdFPsmso?rel=0&#038;start&#038;end&#038;controls=1&#038;mute=0&#038;modestbranding=0&#038;autoplay=1\">\n\t\t\t\t\t\t\t\t<img decoding=\"async\" class=\"ultv-video__thumb\" src=\"https:\/\/i.ytimg.com\/vi\/cA_KdFPsmso\/maxresdefault.jpg\" alt=\"\" title=\"\">\n\t\t\t\t\t\t\t\t<div class=\"ultv-video__play-icon  ultv-animation-none\" style=\"width:75px\"><svg height=\"100%\" version=\"1.1\" viewBox=\"0 0 68 48\" width=\"100%\"><path class=\"ultv-youtube-icon-bg\" d=\"m .66,37.62 c 0,0 .66,4.70 2.70,6.77 2.58,2.71 5.98,2.63 7.49,2.91 5.43,.52 23.10,.68 23.12,.68 .00,-1.3e-5 14.29,-0.02 23.81,-0.71 1.32,-0.15 4.22,-0.17 6.81,-2.89 2.03,-2.07 2.70,-6.77 2.70,-6.77 0,0 .67,-5.52 .67,-11.04 l 0,-5.17 c 0,-5.52 -0.67,-11.04 -0.67,-11.04 0,0 -0.66,-4.70 -2.70,-6.77 C 62.03,.86 59.13,.84 57.80,.69 48.28,0 34.00,0 34.00,0 33.97,0 19.69,0 10.18,.69 8.85,.84 5.95,.86 3.36,3.58 1.32,5.65 .66,10.35 .66,10.35 c 0,0 -0.55,4.50 -0.66,9.45 l 0,8.36 c .10,4.94 .66,9.45 .66,9.45 z\" fill=\"#1f1f1e\" ><\/path><path d=\"m 26.96,13.67 18.37,9.62 -18.37,9.55 -0.00,-19.17 z\" fill=\"#fff\"><\/path><path d=\"M 45.02,23.46 45.32,23.28 26.96,13.67 43.32,22.34 45.02,23.46 z\" fill=\"#ccc\"><\/path><\/svg><\/div> <\/div> <\/div><\/div><\/div>[vc_empty_space height=\u00a0\u00bb52px\u00a0\u00bb][vc_row_inner][vc_column_inner width=\u00a0\u00bb1\/2&Prime;][vc_custom_heading text=\u00a0\u00bbNOS SERVICES\u00a0\u00bb use_theme_fonts=\u00a0\u00bbyes\u00a0\u00bb][vc_column_text]<\/p>\n<ul>\n<li><a href=\"https:\/\/testyoursite.xyz\/laval\/en\/asphalt\/\">ASPHALTE<\/a><\/li>\n<li><a href=\"https:\/\/testyoursite.xyz\/laval\/reparation-dasphalte\/\">R\u00c9PARATION D&rsquo;ASPHALTE<\/a><\/li>\n<li><a href=\"https:\/\/testyoursite.xyz\/laval\/resurfacage-dasphalte\/\">RESURFACAGE D&rsquo;ASPHALTE<\/a><\/li>\n<li><a href=\"https:\/\/testyoursite.xyz\/laval\/asphaltage-complet\/\">ASPHALTAGE COMPLET<\/a><\/li>\n<li><a href=\"https:\/\/testyoursite.xyz\/laval\/scellant-asphalte\/\">SCELLANT D&rsquo;ASPHALTE<\/a><\/li>\n<\/ul>\n<p>[\/vc_column_text][vc_empty_space height=\u00a0\u00bb52px\u00a0\u00bb][vc_custom_heading text=\u00a0\u00bbSITE DE COMMENTAIRE ASPHALTE LAVAL\u00a0\u00bb use_theme_fonts=\u00a0\u00bbyes\u00a0\u00bb][vc_column_text]<\/p>\n<ul>\n<li><a href=\"https:\/\/www.facebook.com\/entrepreneurpavageLaval\" target=\"_blank\" rel=\"noopener\">Facebook<\/a><\/li>\n<li>Pages Jaunes<\/li>\n<li>Yelp<\/li>\n<li><a href=\"https:\/\/testyoursite.xyz\/laval\/liens\/\">autre sites<\/a><\/li>\n<\/ul>\n<p>[\/vc_column_text][vc_empty_space height=\u00a0\u00bb52px\u00a0\u00bb][\/vc_column_inner][vc_column_inner width=\u00a0\u00bb1\/2&Prime;][vc_empty_space][vc_single_image image=\u00a0\u00bb4124&Prime; img_size=\u00a0\u00bbmedium\u00a0\u00bb][\/vc_column_inner][\/vc_row_inner][vc_row_inner][vc_column_inner width=\u00a0\u00bb1\/2&Prime;][vc_custom_heading text=\u00a0\u00bbZones de Service\u00a0\u00bb use_theme_fonts=\u00a0\u00bbyes\u00a0\u00bb][vc_column_text]<\/p>\n<ul>\n<li><a href=\"https:\/\/www.laval.ca\/lieux\/Pages\/Fr\/centre-communautaire-champfleury.aspx\" target=\"_blank\" rel=\"noopener\">Champfleury, Laval, QC<\/a><\/li>\n<li><a href=\"https:\/\/en.wikipedia.org\/wiki\/Sainte-Rose,_Quebec\" target=\"_blank\" rel=\"noopener\">Sainte-Rose, Laval, QC<\/a><\/li>\n<li><a href=\"https:\/\/en.wikipedia.org\/wiki\/Duvernay,_Quebec\" target=\"_blank\" rel=\"noopener\">Duvernay, Laval, QC<\/a><\/li>\n<li><a href=\"https:\/\/en.wikipedia.org\/wiki\/Saint-Vincent-de-Paul,_Quebec\" target=\"_blank\" rel=\"noopener\">Saint-Vincent-de-Paul, Laval, QC<\/a><\/li>\n<li><a href=\"https:\/\/en.wikipedia.org\/wiki\/Saint-Fran%C3%A7ois,_Laval\" target=\"_blank\" rel=\"noopener\">Saint-Francois, Laval, QC<\/a><\/li>\n<li><a href=\"https:\/\/fr.wikipedia.org\/wiki\/Vimont_(Laval)\" target=\"_blank\" rel=\"noopener\">Vimont, Laval, Qc<\/a><\/li>\n<li><a href=\"https:\/\/fr.wikipedia.org\/wiki\/Laval-sur-le-Lac\" target=\"_blank\" rel=\"noopener\">Laval-sur-le-Lac, Laval, QC<\/a><\/li>\n<\/ul>\n<p>[\/vc_column_text][\/vc_column_inner][vc_column_inner width=\u00a0\u00bb1\/2&Prime;][vc_empty_space height=\u00a0\u00bb52px\u00a0\u00bb][vc_column_text]<\/p>\n<ul>\n<li><a href=\"https:\/\/www.laval.ca\/histoire-et-patrimoine\/Pages\/Fr\/sainte-dorothee.aspx\" target=\"_blank\" rel=\"noopener\">Sainte-Doroth\u00e9e, Laval, QC <\/a><\/li>\n<li><a href=\"https:\/\/fr.wikipedia.org\/wiki\/Fabreville\" target=\"_blank\" rel=\"noopener\">Fabreville, Laval, QC<\/a><\/li>\n<li><a href=\"https:\/\/en.wikipedia.org\/wiki\/Chomedey,_Quebec\" target=\"_blank\" rel=\"noopener\">Chomedey, Laval, QC<\/a><\/li>\n<li><a href=\"https:\/\/en.wikipedia.org\/wiki\/Laval-des-Rapides\" target=\"_blank\" rel=\"noopener\">Laval-des-Rapides, Laval, QC<\/a><\/li>\n<li><a href=\"https:\/\/en.wikipedia.org\/wiki\/Pont-Viau,_Quebec\" target=\"_blank\" rel=\"noopener\">Pont-Viau, Laval, QC<\/a><\/li>\n<li><a href=\"https:\/\/fr.wikipedia.org\/wiki\/Auteuil_(Laval)\" target=\"_blank\" rel=\"noopener\">Auteuil, Laval, Qc<\/a><\/li>\n<li><a href=\"https:\/\/fr.wikipedia.org\/wiki\/Laval-Ouest\" target=\"_blank\" rel=\"noopener\">Laval-Ouest, Laval, Qc<\/a><\/li>\n<\/ul>\n<p>[\/vc_column_text][\/vc_column_inner][\/vc_row_inner][\/vc_column][vc_column width=\u00a0\u00bb1\/4&Prime;][vc_custom_heading text=\u00a0\u00bbLaval Asphalte\u00a0\u00bb font_container=\u00a0\u00bbtag:h4|font_size:24|text_align:left\u00a0\u00bb google_fonts=\u00a0\u00bbfont_family:Oswald%3A300%2Cregular%2C700|font_style:400%20regular%3A400%3Anormal\u00a0\u00bb][vc_column_text]<\/p>\n<ul class=\"\">\n<li><i class=\"fa fa-map-marker\"><\/i>\u00a0 240\u00a0 \u00a0 81e Avenue suite 3, Laval, Quebec H7V 3M1<\/li>\n<li><i class=\"fa fa-envelope-o\">\u00a0<\/i> info@testyoursite.xyz<\/li>\n<li><i class=\"fa fa-phone\">\u00a0450-328-4118<\/i><\/li>\n<\/ul>\n<p>[\/vc_column_text][vc_empty_space height=\u00a0\u00bb22px\u00a0\u00bb][vc_custom_heading text=\u00a0\u00bbDIRECTION\u00a0\u00bb font_container=\u00a0\u00bbtag:h2|font_size:24|text_align:left\u00a0\u00bb google_fonts=\u00a0\u00bbfont_family:Oswald%3A300%2Cregular%2C700|font_style:400%20regular%3A400%3Anormal\u00a0\u00bb][vc_column_text]Direction[\/vc_column_text][vc_empty_space height=\u00a0\u00bb22px\u00a0\u00bb][vc_custom_heading text=\u00a0\u00bbZones Service Laval Asphalte\u00a0\u00bb font_container=\u00a0\u00bbtag:h2|font_size:24|text_align:left\u00a0\u00bb use_theme_fonts=\u00a0\u00bbyes\u00a0\u00bb][vc_gmaps link=\u00a0\u00bb#E-8_JTNDaWZyYW1lJTIwc3JjJTNEJTIyaHR0cHMlM0ElMkYlMkZ3d3cuZ29vZ2xlLmNvbSUyRm1hcHMlMkZkJTJGdSUyRjAlMkZlbWJlZCUzRm1pZCUzRDFjV1U1NmMwaUVrN3BNV01td1pMYUU2NFI2Xzg1Z1E4JTI2ZWhiYyUzRDJFMzEyRiUyMiUyMHdpZHRoJTNEJTIyMzIwJTIyJTIwaGVpZ2h0JTNEJTIyMzQwJTIyJTNFJTNDJTJGaWZyYW1lJTNF\u00a0\u00bb][vc_empty_space height=\u00a0\u00bb22px\u00a0\u00bb][vc_custom_heading text=\u00a0\u00bbDERNIER COMMENTAIRES\u00a0\u00bb use_theme_fonts=\u00a0\u00bbyes\u00a0\u00bb][vc_column_text]<\/p>\n<h4 style=\"text-align: center; line-height: 1;\"><a href=\"https:\/\/g.co\/kgs\/mEqEAX\">Une \u00e9quipe de professionnels, rapide et efficace, je recommande fortement, meilleur rapport qualit\u00e9 prix<\/a><\/h4>\n<h2 style=\"color: #fee800; line-height: 1; text-align: center;\">*****<\/h2>\n<p>[\/vc_column_text][vc_column_text]<\/p>\n<h4 style=\"text-align: center; line-height: 1;\"><a href=\"https:\/\/g.co\/kgs\/FvqqmA\">Tr\u00e8s bon service et \u00e9quipe d\u00e9di\u00e9. Travail bien fait et r\u00e9ponse rapide<\/a><\/h4>\n<h2 style=\"color: #fee800; line-height: 1; text-align: center;\">*****<\/h2>\n<p>[\/vc_column_text][vc_column_text]<\/p>\n<h4 style=\"text-align: center; line-height: 1;\"><a href=\"https:\/\/g.co\/kgs\/6pqXpV\">Tr\u00e8s satisfaite du travail de J. Fran\u00e7ois et son \u00e9quipe.<\/a><br \/>\nponctualit\u00e9, propret\u00e9 apr\u00e8s les travaux.<\/h4>\n<h2 style=\"color: #fee800; line-height: 1; text-align: center;\">*****<\/h2>\n<p>[\/vc_column_text][vc_empty_space height=\u00a0\u00bb22px\u00a0\u00bb][vc_custom_heading text=\u00a0\u00bbCategories Sp\u00e9cialis\u00e9s\u00a0\u00bb use_theme_fonts=\u00a0\u00bbyes\u00a0\u00bb][vc_column_text]<\/p>\n<ul>\n<li><a href=\"https:\/\/testyoursite.xyz\/laval\/\">Entrepreneur sp\u00e9cialis\u00e9 en pavage d&rsquo;asphalte<\/a><\/li>\n<li><a href=\"https:\/\/testyoursite.xyz\/laval\/\">Entrepreneur d&rsquo;asphalte<\/a><\/li>\n<\/ul>\n<p>[\/vc_column_text][vc_empty_space height=\u00a0\u00bb22px\u00a0\u00bb][vc_custom_heading text=\u00a0\u00bbHeures d&rsquo;ouvertures\u00a0\u00bb use_theme_fonts=\u00a0\u00bbyes\u00a0\u00bb][vc_column_text]<\/p>\n<table>\n<tbody>\n<tr>\n<td>Lundi<\/td>\n<td>07.00 am-08.00 pm<\/td>\n<\/tr>\n<tr>\n<td>Mardi<\/td>\n<td>07.00 am-08.00 pm<\/td>\n<\/tr>\n<tr>\n<td>Mercredi<\/td>\n<td>07.00 am-08.00 pm<\/td>\n<\/tr>\n<tr>\n<td>Jeudi<\/td>\n<td>07.00 am-08.00 pm<\/td>\n<\/tr>\n<tr>\n<td>Vendredi<\/td>\n<td>07.00 am-08.00 pm<\/td>\n<\/tr>\n<tr>\n<td>Samedi<\/td>\n<td>08.00 am-05.00 pm<\/td>\n<\/tr>\n<tr>\n<td>Dimanche<\/td>\n<td>Ferm\u00e9<\/td>\n<\/tr>\n<\/tbody>\n<\/table>\n<p>[\/vc_column_text][vc_empty_space height=\u00a0\u00bb22px\u00a0\u00bb][vc_column_text]<\/p>\n<h2 style=\"text-align: left; line-height: 1;\">Paiments Accept\u00e9s<\/h2>\n<p style=\"text-align: left; line-height: 1;\">Nous accepton l&rsquo;argent comptant, les ch\u00e8ques et les virements interac.<\/p>\n<p>[\/vc_column_text][vc_empty_space height=\u00a0\u00bb22px\u00a0\u00bb][vc_column_text]<\/p>\n<h2 style=\"text-align: left; line-height: 1;\">Lieux \u00e0 proximit\u00e9<\/h2>\n<p style=\"text-align: left; line-height: 1;\"><strong>Restaurants:<\/strong><\/p>\n<ul>\n<li class=\"qrShPb kno-ecr-pt PZPZlf q8U8x PPT5v hNKfZe\" data-dtype=\"d3ifr\" data-local-attribute=\"d3bn\" data-attrid=\"title\" data-ved=\"2ahUKEwiqo7qq9Kf4AhX9g4kEHVJCCSEQ3B0oAXoECBEQAg\"><a href=\"https:\/\/vuyo.me\/en-view.php?seo=castello-resto-lounge-836447\" target=\"_blank\" rel=\"noopener\">Castello Resto Lounge<\/a><\/li>\n<li><a href=\"https:\/\/www.ouestantoniospizza.com\/\" target=\"_blank\" rel=\"noopener\">Ouest Antonio&rsquo;s Pizza<\/a><\/li>\n<li class=\"qrShPb kno-ecr-pt PZPZlf q8U8x PPT5v hNKfZe\" data-dtype=\"d3ifr\" data-local-attribute=\"d3bn\" data-attrid=\"title\" data-ved=\"2ahUKEwiqo7qq9Kf4AhX9g4kEHVJCCSEQ3B0oAXoECBEQAg\"><a href=\"https:\/\/www.publiksburgerbar.com\/\" target=\"_blank\" rel=\"noopener\">Publiks Cafe \u2022 Resto \u2022 Bar<\/a><\/li>\n<li class=\"qrShPb kno-ecr-pt PZPZlf q8U8x PPT5v\" data-dtype=\"d3ifr\" data-local-attribute=\"d3bn\" data-attrid=\"title\" data-ved=\"2ahUKEwjI2M7N9af4AhWyl-AKHZdhAWwQ3B0oAHoECA8QAQ\"><a href=\"https:\/\/www.dunnsfamous.com\/emplacements\/laval\/laval\/\" target=\"_blank\" rel=\"noopener\">Dunn&rsquo;s Laval<\/a><\/li>\n<li class=\"qrShPb kno-ecr-pt PZPZlf q8U8x PPT5v\" data-dtype=\"d3ifr\" data-local-attribute=\"d3bn\" data-attrid=\"title\" data-ved=\"2ahUKEwjI2M7N9af4AhWyl-AKHZdhAWwQ3B0oAHoECA8QAQ\"><a href=\"https:\/\/eggstyle.ca\/\" target=\"_blank\" rel=\"noopener\">D\u00e9jeuner Eggstyle<\/a><\/li>\n<\/ul>\n<p>[\/vc_column_text][vc_empty_space height=\u00a0\u00bb22px\u00a0\u00bb][vc_column_text]<strong>Hotels:<\/strong><\/p>\n<ul>\n<li><a href=\"https:\/\/www.hilton.com\/en\/hotels\/yullvhx-hampton-suites-laval\/\" target=\"_blank\" rel=\"noopener\">Hampton Inn &amp; Suites by Hilton Laval \u00a0 \u00a0<\/a><\/li>\n<li><a href=\"https:\/\/www.grandtimeshotel.com\/grand-times-laval\/fr\/\" target=\"_blank\" rel=\"noopener\">Grand H\u00f4tel Times Laval &#8211; Centropolis<\/a><\/li>\n<li><a href=\"https:\/\/www.lefabreville.com\/\" target=\"_blank\" rel=\"noopener\">Le Fabreville Motel et Suites<\/a><\/li>\n<li><a href=\"https:\/\/www.marriott.com\/en-us\/hotels\/yulls-sheraton-laval-hotel\/overview\/?scid=f2ae0541-1279-4f24-b197-a979c79310b0\" target=\"_blank\" rel=\"noopener\">Sheraton Laval Hotel<\/a><\/li>\n<li><a href=\"https:\/\/motelnewstar.com\/\" target=\"_blank\" rel=\"noopener\">Motel Newstar Laval<\/a><\/li>\n<\/ul>\n<p>[\/vc_column_text][vc_empty_space height=\u00a0\u00bb22px\u00a0\u00bb][vc_column_text]<strong>Bars:<\/strong><\/p>\n<ul>\n<li><a href=\"http:\/\/couteautranche.com\/\" target=\"_blank\" rel=\"noopener\">Couteau Tranch\u00e9 Restaurant-Bar &amp; Lounge <\/a><\/li>\n<li><a href=\"https:\/\/www.lesterose.com\/\" target=\"_blank\" rel=\"noopener\">Restaurant &amp; Bar Le Ste Rose<\/a><\/li>\n<li><a href=\"https:\/\/houstonresto.com\/restaurant\/laval-centropolis\/\" target=\"_blank\" rel=\"noopener\">Houston Avenue Bar &amp; Grill<\/a><\/li>\n<li><a href=\"https:\/\/www.facebook.com\/barlechampion1\/\" target=\"_blank\" rel=\"noopener\">Bar le Champion<\/a><\/li>\n<li><a href=\"https:\/\/towne380.com\/\" target=\"_blank\" rel=\"noopener\">TOWNE380 Steakhouse<\/a><\/li>\n<\/ul>\n<p>[\/vc_column_text][\/vc_column][\/vc_row][vc_row][vc_column][vc_empty_space][\/vc_column][\/vc_row][vc_row css=\u00a0\u00bb.vc_custom_1772782065318{padding-top: 30px !important;padding-bottom: 30px !important;background-color: #FEE800 !important;}\u00a0\u00bb el_class=\u00a0\u00bbbgblack\u00a0\u00bb][vc_column css=\u00a0\u00bb.vc_custom_1772260816410{padding-top: 0px !important;padding-right: 0px !important;padding-bottom: 0px !important;padding-left: 0px !important;background-color: #000000 !important;}\u00a0\u00bb][vc_cta h2=\u00a0\u00bbDemande de soumission pour travaux d&rsquo;asphalte \u00e0 Laval\u00a0\u00bb h2_font_container=\u00a0\u00bbtag:h2|font_size:30|text_align:left|color:%23ffffff|line_height:1.7&Prime; h2_google_fonts=\u00a0\u00bbfont_family:Oswald%3A300%2Cregular%2C700|font_style:400%20regular%3A400%3Anormal\u00a0\u00bb txt_align=\u00a0\u00bbcenter\u00a0\u00bb shape=\u00a0\u00bbsquare\u00a0\u00bb style=\u00a0\u00bbflat\u00a0\u00bb color=\u00a0\u00bbwhite\u00a0\u00bb add_button=\u00a0\u00bbright\u00a0\u00bb btn_title=\u00a0\u00bbDemande de soumission\u00a0\u00bb btn_style=\u00a0\u00bboutline-custom\u00a0\u00bb btn_outline_custom_color=\u00a0\u00bb#ffffff\u00a0\u00bb btn_outline_custom_hover_background=\u00a0\u00bb#FEE800&Prime; btn_outline_custom_hover_text=\u00a0\u00bb#000000&Prime; btn_shape=\u00a0\u00bbsquare\u00a0\u00bb css=\u00a0\u00bb.vc_custom_1772792065217{margin-bottom: 0px !important;padding-top: 40px !important;padding-right: 40px !important;padding-bottom: 40px !important;padding-left: 40px !important;background-color: #000000 !important;}\u00a0\u00bb use_custom_fonts_h2=\u00a0\u00bbtrue\u00a0\u00bb el_class=\u00a0\u00bbbgwhite\u00a0\u00bb btn_link=\u00a0\u00bburl:https%3A%2F%2Ftestyoursite.xyz%2Flaval%2Fcontactez-nous%2F|||\u00a0\u00bb][\/vc_cta][\/vc_column][\/vc_row]<\/p>\n<\/div>","protected":false},"excerpt":{"rendered":"<p>[vc_row parallax_scroll_effect=\u00a0\u00bbfixed\u00a0\u00bb css=\u00a0\u00bb.vc_custom_1772792118825{background-color: #ffffff !important;}\u00a0\u00bb el_id=\u00a0\u00bbsec1header\u00a0\u00bb][vc_column][vc_row_inner css=\u00a0\u00bb.vc_custom_1588696372238{background-color: #ff5722 !important;}\u00a0\u00bb el_class=\u00a0\u00bbbgblack\u00a0\u00bb][vc_column_inner][vc_cta h2=\u00a0\u00bbDemande de soumission pour travaux d&rsquo;asphalte \u00e0 Laval\u00a0\u00bb h2_font_container=\u00a0\u00bbtag:h2|font_size:30|text_align:left|color:%23ffffff|line_height:1.7&Prime; h2_google_fonts=\u00a0\u00bbfont_family:Oswald%3A300%2Cregular%2C700|font_style:400%20regular%3A400%3Anormal\u00a0\u00bb txt_align=\u00a0\u00bbcenter\u00a0\u00bb shape=\u00a0\u00bbsquare\u00a0\u00bb style=\u00a0\u00bbcustom\u00a0\u00bb add_button=\u00a0\u00bbright\u00a0\u00bb btn_title=\u00a0\u00bbDemande de soumission\u00a0\u00bb btn_style=\u00a0\u00bboutline-custom\u00a0\u00bb btn_outline_custom_color=\u00a0\u00bb#ffffff\u00a0\u00bb btn_outline_custom_hover_background=\u00a0\u00bb#42f900&Prime; btn_outline_custom_hover_text=\u00a0\u00bb#ffffff\u00a0\u00bb btn_shape=\u00a0\u00bbsquare\u00a0\u00bb css=\u00a0\u00bb.vc_custom_1678003312359{background-color: #ff5722 !important;}\u00a0\u00bb use_custom_fonts_h2=\u00a0\u00bbtrue\u00a0\u00bb el_class=\u00a0\u00bbbgwhite\u00a0\u00bb custom_text=\u00a0\u00bb#ffffff\u00a0\u00bb btn_link=\u00a0\u00bburl:https%3A%2F%2Ftestyoursite.xyz%2Flaval%2Fcontactez-nous%2F|||\u00a0\u00bb][\/vc_cta][\/vc_column_inner][\/vc_row_inner][\/vc_column][\/vc_row][vc_row css=\u00a0\u00bb.vc_custom_1772782065318{padding-top: 30px !important;padding-bottom: 30px !important;background-color: #FEE800 !important;}\u00a0\u00bb el_class=\u00a0\u00bbbgblack\u00a0\u00bb][vc_column css=\u00a0\u00bb.vc_custom_1772260816410{padding-top: 0px !important;padding-right: 0px !important;padding-bottom: 0px !important;padding-left: 0px [&hellip;]<\/p>\n","protected":false},"author":3,"featured_media":0,"parent":0,"menu_order":0,"comment_status":"closed","ping_status":"closed","template":"","meta":{"footnotes":""},"class_list":["post-2005666","page","type-page","status-publish","hentry"],"_hostinger_reach_plugin_has_subscription_block":false,"_hostinger_reach_plugin_is_elementor":false,"_links":{"self":[{"href":"https:\/\/testyoursite.xyz\/laval\/wp-json\/wp\/v2\/pages\/2005666","targetHints":{"allow":["GET"]}}],"collection":[{"href":"https:\/\/testyoursite.xyz\/laval\/wp-json\/wp\/v2\/pages"}],"about":[{"href":"https:\/\/testyoursite.xyz\/laval\/wp-json\/wp\/v2\/types\/page"}],"author":[{"embeddable":true,"href":"https:\/\/testyoursite.xyz\/laval\/wp-json\/wp\/v2\/users\/3"}],"replies":[{"embeddable":true,"href":"https:\/\/testyoursite.xyz\/laval\/wp-json\/wp\/v2\/comments?post=2005666"}],"version-history":[{"count":5,"href":"https:\/\/testyoursite.xyz\/laval\/wp-json\/wp\/v2\/pages\/2005666\/revisions"}],"predecessor-version":[{"id":2006530,"href":"https:\/\/testyoursite.xyz\/laval\/wp-json\/wp\/v2\/pages\/2005666\/revisions\/2006530"}],"wp:attachment":[{"href":"https:\/\/testyoursite.xyz\/laval\/wp-json\/wp\/v2\/media?parent=2005666"}],"curies":[{"name":"wp","href":"https:\/\/api.w.org\/{rel}","templated":true}]}}