{"id":1277,"date":"2020-03-05T20:26:12","date_gmt":"2020-03-06T01:26:12","guid":{"rendered":"https:\/\/testyoursite.xyz\/laval\/?page_id=1277"},"modified":"2026-04-17T07:11:21","modified_gmt":"2026-04-17T11:11:21","slug":"asphaltage-complet","status":"publish","type":"page","link":"https:\/\/testyoursite.xyz\/laval\/asphaltage-complet\/","title":{"rendered":"Asphaltage complet \u00e0 Laval"},"content":{"rendered":"<div class=\"wpb-content-wrapper\"><p>[vc_row css=\u00a0\u00bb.vc_custom_1772780230616{padding-top: 30px !important;padding-bottom: 30px !important;background-color: #FEE800 !important;}\u00a0\u00bb el_class=\u00a0\u00bbbgblack\u00a0\u00bb][vc_column css=\u00a0\u00bb.vc_custom_1772260816410{padding-top: 0px !important;padding-right: 0px !important;padding-bottom: 0px !important;padding-left: 0px !important;background-color: #000000 !important;}\u00a0\u00bb][vc_cta h2=\u00a0\u00bbDemande de Soumission de Travaux d&rsquo;Asphaltage Complet \u00e0 Laval\u00a0\u00bb h2_font_container=\u00a0\u00bbtag:h2|font_size:30|text_align:left|color:%23ffffff|line_height:1.7&Prime; h2_google_fonts=\u00a0\u00bbfont_family:Oswald%3A300%2Cregular%2C700|font_style:400%20regular%3A400%3Anormal\u00a0\u00bb txt_align=\u00a0\u00bbcenter\u00a0\u00bb shape=\u00a0\u00bbsquare\u00a0\u00bb style=\u00a0\u00bbflat\u00a0\u00bb color=\u00a0\u00bbwhite\u00a0\u00bb add_button=\u00a0\u00bbright\u00a0\u00bb btn_title=\u00a0\u00bbDemande de Soumission\u00a0\u00bb btn_style=\u00a0\u00bboutline-custom\u00a0\u00bb btn_outline_custom_color=\u00a0\u00bb#ffffff\u00a0\u00bb btn_outline_custom_hover_background=\u00a0\u00bb#FEE800&Prime; btn_outline_custom_hover_text=\u00a0\u00bb#000000&Prime; btn_shape=\u00a0\u00bbsquare\u00a0\u00bb css=\u00a0\u00bb.vc_custom_1772269865487{margin-bottom: 0px !important;padding-top: 40px !important;padding-right: 40px !important;padding-bottom: 40px !important;padding-left: 40px !important;background-color: #000000 !important;}\u00a0\u00bb use_custom_fonts_h2=\u00a0\u00bbtrue\u00a0\u00bb el_class=\u00a0\u00bbbgwhite\u00a0\u00bb btn_link=\u00a0\u00bburl:https%3A%2F%2Ftestyoursite.xyz%2Flaval%2Fcontactez-nous%2F|||\u00a0\u00bb][\/vc_cta][\/vc_column][\/vc_row][vc_row layout=\u00a0\u00bbboxed\u00a0\u00bb parallax_scroll_effect=\u00a0\u00bbfixed\u00a0\u00bb el_class=\u00a0\u00bbmargin-top-40&Prime;][vc_column][vc_row_inner][vc_column_inner][vc_empty_space][vc_empty_space]\t\t\t<div\n\t\t\t\tclass=\"darna-heading style1 \" >\n\t\t\t\t\t\t\t\t\t<h2>Asphaltage complet \u00e0 Laval<\/h2>\n\t\t\t\t\t\t\t\t\t\t\t<\/div>\n\t\t\t[vc_empty_space height=\u00a0\u00bb100px\u00a0\u00bb][\/vc_column_inner][\/vc_row_inner][vc_row_inner parallax_style=\u00a0\u00bbnone\u00a0\u00bb parallax_scroll_effect=\u00a0\u00bbfixed\u00a0\u00bb el_class=\u00a0\u00bbmargin-bottom-65&Prime;][vc_column_inner el_class=\u00a0\u00bbcol-md-6 col-sm-6 col-xs-12&Prime; width=\u00a0\u00bb1\/2&Prime;][vc_raw_html]JTNDaDIlMjBjbGFzcyUzRCUyMmRhcm5hLWhlYWRpbmctbWVkaWElMjIlM0VUUkFWQVVYJTIwRCUyN0FTUEhBTFRBR0UlMjBDT01QTEVUJTNDJTJGaDIlM0U=[\/vc_raw_html][vc_empty_space][vc_column_text css=\u00a0\u00bb\u00a0\u00bb]<\/p>\n<p style=\"text-align: justify;\"><strong>L&rsquo;asphalte est un rev\u00eatement durable et offre un tr\u00e8s bon rapport qualit\u00e9-prix. Que ce soit pour recouvrir une entr\u00e9e de garage, une entr\u00e9e de cours r\u00e9sidentielle, une all\u00e9e ou un stationnement commercial, l&rsquo;asphalte est le meilleur choix dans de nombreuses situations. Son prix abordable est sans aucun doute le crit\u00e8re le plus d\u00e9terminant dans le choix de cette m\u00e9thode en comparaison du b\u00e9ton et du pav\u00e9-uni pour recouvrir la surface d&rsquo;une entr\u00e9e de cour ou d&rsquo;un stationnement. Une surface asphalt\u00e9e pourra durer 15 \u00e0 20 ans, voire 25 ans, avec un entretien r\u00e9gulier. Il existe diff\u00e9rents types de travaux d&rsquo;asphaltage complet :<\/strong><\/p>\n<ul>\n<li>\n<h4><strong>Asphaltage complet avec excavation\u00a0<\/strong><\/h4>\n<\/li>\n<li>\n<h4><strong>Nouvel asphalte\u00a0<\/strong><\/h4>\n<\/li>\n<li>\n<h4><strong>Extension d&rsquo;asphalte<\/strong><\/h4>\n<\/li>\n<\/ul>\n<p>[\/vc_column_text][vc_empty_space][\/vc_column_inner][vc_column_inner el_class=\u00a0\u00bbcol-md-6 col-sm-6 col-xs-12&Prime; width=\u00a0\u00bb1\/2&Prime;][vc_images_carousel images=\u00a0\u00bb1394,1515,1516,1518,1519&Prime; img_size=\u00a0\u00bb550&#215;440&Prime; onclick=\u00a0\u00bblink_no\u00a0\u00bb autoplay=\u00a0\u00bbyes\u00a0\u00bb wrap=\u00a0\u00bbyes\u00a0\u00bb css=\u00a0\u00bb\u00a0\u00bb][\/vc_column_inner][\/vc_row_inner][\/vc_column][\/vc_row][vc_row layout=\u00a0\u00bbboxed\u00a0\u00bb parallax_scroll_effect=\u00a0\u00bbfixed\u00a0\u00bb el_class=\u00a0\u00bbmargin-bottom-60&Prime; css=\u00a0\u00bb.vc_custom_1582572879669{padding-right: 30px !important;padding-left: 30px !important;}\u00a0\u00bb][vc_column][vc_empty_space height=\u00a0\u00bb30px\u00a0\u00bb][vc_separator color=\u00a0\u00bbblack\u00a0\u00bb][vc_empty_space height=\u00a0\u00bb30px\u00a0\u00bb][\/vc_column][\/vc_row][vc_row layout=\u00a0\u00bbboxed\u00a0\u00bb parallax_scroll_effect=\u00a0\u00bbfixed\u00a0\u00bb el_class=\u00a0\u00bbmargin-top-40&Prime;][vc_column][vc_row_inner parallax_style=\u00a0\u00bbnone\u00a0\u00bb parallax_scroll_effect=\u00a0\u00bbfixed\u00a0\u00bb el_class=\u00a0\u00bbmargin-bottom-65&Prime;][vc_column_inner el_class=\u00a0\u00bbcol-md-6 col-sm-6 col-xs-12&Prime; width=\u00a0\u00bb1\/2&Prime;][vc_raw_html]JTNDaDIlMjBjbGFzcyUzRCUyMmRhcm5hLWhlYWRpbmctbWVkaWElMjIlM0VBU1BIQUxUQUdFJTIwQ09NUExFVCUyMElOQ0xVQU5UJTIwRVhDQVZBVElPTiUyMERFJTIwVk9UUkUlMjBWSUVJTCUyMEFTUEhBTFRFJTNDJTJGaDIlM0U=[\/vc_raw_html][vc_empty_space][vc_column_text css=\u00a0\u00bb\u00a0\u00bb]<\/p>\n<p style=\"text-align: justify;\"><strong>Lors d&rsquo;un asphaltage complet, notre \u00e9quipe d\u2019experts retirera votre ancien rev\u00eatement d&rsquo;asphalte. Nous proc\u00e9derons \u00e0 une excavation de la surface d&rsquo;asphalte afin d&rsquo;\u00e9paissir et de renforcer la base de votre asphalte, en y introduisant des pierres concass\u00e9es que nous remplirons et compacterons avant de poser la couche d&rsquo;asphalte de surface. Il est tr\u00e8s important de faire appel \u00e0 une entreprise de pavage en asphalte professionnelle, car un travail mal r\u00e9alis\u00e9 peut vite se transformer en un vrai cauchemar.<\/strong><\/p>\n<h4><strong>\u00c9tapes d&rsquo;un asphaltage complet :<\/strong><\/h4>\n<ol>\n<li><strong>Excavation de l&rsquo;asphalte existant<\/strong><\/li>\n<li><strong>Remplissage de pierres concass\u00e9es au besoin<\/strong><\/li>\n<li><strong>Nivelage de la pierre<\/strong><\/li>\n<li><strong>Compaction de la pierre<\/strong><\/li>\n<li><strong>Installation d\u2019asphalte\u00a0<\/strong><\/li>\n<li><strong>Compaction avec plaque vibrante et rouleau compresseur<\/strong><\/li>\n<\/ol>\n<p><strong><a style=\"color: #222;\" href=\"https:\/\/testyoursite.xyz\/laval\/contactez-nous\/\">Contactez-nous<\/a> pour tout vos travaux d&rsquo;asphaltage complet<\/strong>[\/vc_column_text][vc_empty_space][\/vc_column_inner][vc_column_inner el_class=\u00a0\u00bbcol-md-6 col-sm-6 col-xs-12&Prime; width=\u00a0\u00bb1\/2&Prime;][vc_empty_space][vc_empty_space][vc_images_carousel images=\u00a0\u00bb1523,1522,1524,4871,4873&Prime; img_size=\u00a0\u00bb550&#215;440&Prime; onclick=\u00a0\u00bblink_no\u00a0\u00bb autoplay=\u00a0\u00bbyes\u00a0\u00bb wrap=\u00a0\u00bbyes\u00a0\u00bb css=\u00a0\u00bb\u00a0\u00bb][\/vc_column_inner][\/vc_row_inner][\/vc_column][\/vc_row][vc_row el_class=\u00a0\u00bbequalx\u00a0\u00bb][vc_column][vc_empty_space height=\u00a0\u00bb30px\u00a0\u00bb][vc_empty_space height=\u00a0\u00bb30px\u00a0\u00bb]<div id=\"uvc-type-wrap-6245\"  data-ultimate-target='#uvc-type-wrap-6245'  data-responsive-json-new='{\"font-size\":\"desktop:50px;tablet_portrait:21px;mobile_landscape:19px;mobile:17px;\",\"line-height\":\"\"}'  class=\"uvc-type-wrap  ult-adjust-bottom-margin ult-responsive  uvc-type-align-center uvc-type-no-prefix uvc-wrap-89024325369e4578fc71f9\" style=\"text-align:center;\"><span id=\"typed-89024325369e4578fc71f9\" class=\"ultimate-typed-main fancytext-typewriter-background-enabled\" style=\"color:#000000;background:#3ff939; font-weight:bold; text-transform: uppercase;\"><\/span><script type=\"text\/javascript\">\n\t\t\t\t\t\tjQuery(function($){ \n\t\t\t\t\t\t\t$(document).ready(function(){\n\t\t\t\t\t\t\t\tif( typeof jQuery(\"#typed-89024325369e4578fc71f9\").typed == \"function\"){\n\t\t\t\t\t\t\t\t\t$(\"#typed-89024325369e4578fc71f9\").typed({\n\t\t\t\t\t\t\t\t\t\tstrings: [\"APPELEZ-NOUS\",\"POUR UNE SOUMISSION GRATUITE\",\"450-328-4118\"],\n\t\t\t\t\t\t\t\t\t\ttypeSpeed: 35,\n\t\t\t\t\t\t\t\t\t\tbackSpeed: 0,\n\t\t\t\t\t\t\t\t\t\tstartDelay: \"200\",\n\t\t\t\t\t\t\t\t\t\tbackDelay: \"1500\",\n\t\t\t\t\t\t\t\t\t\tloop: true,\n\t\t\t\t\t\t\t\t\t\tloopCount: false,\n\t\t\t\t\t\t\t\t\t\tshowCursor: true,\n\t\t\t\t\t\t\t\t\t\tcursorChar: \"|\",\n\t\t\t\t\t\t\t\t\t\tattr: null\n\t\t\t\t\t\t\t\t\t});\n\t\t\t\t\t\t\t\t}\n\t\t\t\t\t\t\t});\n\t\t\t\t\t\t});\n\t\t\t\t\t<\/script><\/div>[vc_empty_space height=\u00a0\u00bb30px\u00a0\u00bb][vc_empty_space height=\u00a0\u00bb50px\u00a0\u00bb][\/vc_column][\/vc_row][vc_row layout=\u00a0\u00bbboxed\u00a0\u00bb parallax_scroll_effect=\u00a0\u00bbfixed\u00a0\u00bb el_class=\u00a0\u00bbmargin-top-40 linexsp\u00a0\u00bb][vc_column][vc_row_inner parallax_style=\u00a0\u00bbnone\u00a0\u00bb parallax_scroll_effect=\u00a0\u00bbfixed\u00a0\u00bb el_class=\u00a0\u00bbmargin-bottom-65&Prime;][vc_column_inner el_class=\u00a0\u00bbcol-md-6 col-sm-6 col-xs-12&Prime; width=\u00a0\u00bb1\/2&Prime;][vc_empty_space][vc_images_carousel images=\u00a0\u00bb4855,4857,4859,4861,4863,4865,4867,4869&Prime; img_size=\u00a0\u00bb550&#215;440&Prime; onclick=\u00a0\u00bblink_no\u00a0\u00bb autoplay=\u00a0\u00bbyes\u00a0\u00bb wrap=\u00a0\u00bbyes\u00a0\u00bb css=\u00a0\u00bb\u00a0\u00bb][\/vc_column_inner][vc_column_inner el_class=\u00a0\u00bbcol-md-6 col-sm-6 col-xs-12&Prime; width=\u00a0\u00bb1\/2&Prime;][vc_raw_html]JTNDaDIlMjBjbGFzcyUzRCUyMmRhcm5hLWhlYWRpbmctbWVkaWElMjIlM0VBU1BIQUxUQUdFJTIwQ09NUExFVCUyMCUzQSUyME5PVVZFTCUyMEFTUEhBTFRFJTNDJTJGaDIlM0U=[\/vc_raw_html][vc_empty_space][vc_column_text css=\u00a0\u00bb\u00a0\u00bb]<strong>Le nouvel asphalte est la solution lorsque la base de votre asphalte est d\u00e9j\u00e0 pr\u00e9par\u00e9e en roche et qu&rsquo;il ne reste qu&rsquo;\u00e0 niveler et \u00e0 recouvrir d&rsquo;asphalte. Si vous avez une nouvelle maison, si vous avez effectu\u00e9 des travaux d&rsquo;am\u00e9nagement paysager, ou si votre entr\u00e9e de cour a toujours \u00e9t\u00e9 en roche, cela s&rsquo;applique \u00e0 vous. Nous allons \u00e9galiser et compacter la roche au besoin ; par la suite, on pose et compacte la nouvelle couche d&rsquo;asphalte.<\/strong><\/p>\n<h4><strong>Les \u00e9tapes d&rsquo;un nouvel asphaltage\u00a0 :<\/strong><\/h4>\n<ol>\n<li><strong>D\u00e9sherbage au besoin (d\u00e9contamination)<\/strong><\/li>\n<li><strong>Nivelage de la pierre<\/strong><\/li>\n<li><strong>Compaction de la pierre<\/strong><\/li>\n<li><strong>Pose de la couche d\u2019asphalte<\/strong><\/li>\n<li><strong>Compaction<\/strong><\/li>\n<\/ol>\n<p><strong><a style=\"color: #222;\" href=\"https:\/\/testyoursite.xyz\/laval\/contactez-nous\/\">Contactez-nous<\/a> pour tout vos travaux d\u2019asphalte complet<\/strong>[\/vc_column_text][vc_empty_space][\/vc_column_inner][\/vc_row_inner][vc_separator color=\u00a0\u00bbblack\u00a0\u00bb][\/vc_column][\/vc_row][vc_row layout=\u00a0\u00bbboxed\u00a0\u00bb parallax_scroll_effect=\u00a0\u00bbfixed\u00a0\u00bb el_class=\u00a0\u00bbmargin-top-40&Prime;][vc_column][vc_empty_space height=\u00a0\u00bb80px\u00a0\u00bb][vc_row_inner parallax_style=\u00a0\u00bbnone\u00a0\u00bb parallax_scroll_effect=\u00a0\u00bbfixed\u00a0\u00bb el_class=\u00a0\u00bbmargin-bottom-65&Prime;][vc_column_inner el_class=\u00a0\u00bbcol-md-6 col-sm-6 col-xs-12&Prime; width=\u00a0\u00bb1\/2&Prime;][vc_raw_html]JTNDaDIlMjBjbGFzcyUzRCUyMmRhcm5hLWhlYWRpbmctbWVkaWElMjIlM0VFWFRFTlNJT04lMjBPVSUyMEFHUkFORElTU0VNRU5UJTIwRCUyN0FTUEhBTFRFJTNDJTJGaDIlM0U=[\/vc_raw_html][vc_empty_space][vc_column_text css=\u00a0\u00bb\u00a0\u00bb]<\/p>\n<h4><strong>Vous manquez d\u2019espace dans votre stationnement ?<\/strong><\/h4>\n<p><strong>Une voiture s&rsquo;est ajout\u00e9e \u00e0 votre famille ou simplement un manque d&rsquo;espace : nous pouvons agrandir votre stationnement asphalt\u00e9. Pour r\u00e9aliser un travail professionnel de qualit\u00e9, il est recommand\u00e9 de constituer une base de roche de 12 pouces \u00e0 tout endroit o\u00f9 il n&rsquo;y avait\u00a0 pas de stationnement auparavant. De plus, il vous faudra contacter la ville pour obtenir un permis.<\/strong><\/p>\n<h4><strong>Voici les \u00e9tapes pour une extension d&rsquo;asphalte :<\/strong><\/h4>\n<ol>\n<li><strong>Excavation de 12 pouces<\/strong><\/li>\n<li><strong>Remplissage de 12 pouces de pierres concass\u00e9es<\/strong><\/li>\n<li><strong>Nivelage de la pierre<\/strong><\/li>\n<li><strong>Compaction de la pierre<\/strong><\/li>\n<li><strong>Pose de la couche d\u2019asphalte<\/strong><\/li>\n<li><strong>Compaction<\/strong><\/li>\n<\/ol>\n<p><strong><a style=\"color: #222;\" href=\"https:\/\/testyoursite.xyz\/laval\/contactez-nous\/\">Contactez-nous<\/a> pour toutes vos extensions ou agrandissements d&rsquo;asphalte<\/strong>[\/vc_column_text][vc_empty_space][\/vc_column_inner][vc_column_inner el_class=\u00a0\u00bbcol-md-6 col-sm-6 col-xs-12&Prime; width=\u00a0\u00bb1\/2&Prime;][vc_empty_space][vc_images_carousel images=\u00a0\u00bb1523,1522,1524,1525,3700&Prime; img_size=\u00a0\u00bb550&#215;440&Prime; onclick=\u00a0\u00bblink_no\u00a0\u00bb autoplay=\u00a0\u00bbyes\u00a0\u00bb wrap=\u00a0\u00bbyes\u00a0\u00bb css=\u00a0\u00bb\u00a0\u00bb][\/vc_column_inner][\/vc_row_inner][\/vc_column][\/vc_row][vc_row parallax_scroll_effect=\u00a0\u00bbfixed\u00a0\u00bb css=\u00a0\u00bb.vc_custom_1582650081207{background-color: #ffffff !important;}\u00a0\u00bb][vc_column][vc_row_inner][vc_column_inner width=\u00a0\u00bb1\/3&Prime;][vc_empty_space][vc_single_image image=\u00a0\u00bb1865&Prime; img_size=\u00a0\u00bb\u00a0\u00bb alignment=\u00a0\u00bbcenter\u00a0\u00bb][\/vc_column_inner][vc_column_inner width=\u00a0\u00bb1\/3&Prime;][vc_empty_space][vc_empty_space][vc_column_text css=\u00a0\u00bb\u00a0\u00bb]<\/p>\n<h2 style=\"text-align: center;\"><b>Installation d\u2019asphalte de qualit\u00e9 pour entr\u00e9es, stationnements et projets commerciaux : Laval Asphalte pose un pavage d\u2019asphalte neuf de premi\u00e8re qualit\u00e9.<\/b><\/h2>\n<p>[\/vc_column_text][\/vc_column_inner][vc_column_inner width=\u00a0\u00bb1\/3&Prime;][vc_single_image image=\u00a0\u00bb2164&Prime; img_size=\u00a0\u00bb\u00a0\u00bb alignment=\u00a0\u00bbcenter\u00a0\u00bb][\/vc_column_inner][\/vc_row_inner][\/vc_column][\/vc_row][vc_row css=\u00a0\u00bb.vc_custom_1772780250502{padding-top: 30px !important;padding-bottom: 30px !important;background-color: #FEE800 !important;}\u00a0\u00bb el_class=\u00a0\u00bbbgblack\u00a0\u00bb][vc_column css=\u00a0\u00bb.vc_custom_1772260816410{padding-top: 0px !important;padding-right: 0px !important;padding-bottom: 0px !important;padding-left: 0px !important;background-color: #000000 !important;}\u00a0\u00bb][vc_cta h2=\u00a0\u00bbDemande de Soumission de Travaux d&rsquo;Asphaltage Complet \u00e0 Laval\u00a0\u00bb h2_font_container=\u00a0\u00bbtag:h2|font_size:30|text_align:left|color:%23ffffff|line_height:1.7&Prime; h2_google_fonts=\u00a0\u00bbfont_family:Oswald%3A300%2Cregular%2C700|font_style:400%20regular%3A400%3Anormal\u00a0\u00bb txt_align=\u00a0\u00bbcenter\u00a0\u00bb shape=\u00a0\u00bbsquare\u00a0\u00bb style=\u00a0\u00bbflat\u00a0\u00bb color=\u00a0\u00bbwhite\u00a0\u00bb add_button=\u00a0\u00bbright\u00a0\u00bb btn_title=\u00a0\u00bbDemande de Soumission\u00a0\u00bb btn_style=\u00a0\u00bboutline-custom\u00a0\u00bb btn_outline_custom_color=\u00a0\u00bb#ffffff\u00a0\u00bb btn_outline_custom_hover_background=\u00a0\u00bb#FEE800&Prime; btn_outline_custom_hover_text=\u00a0\u00bb#000000&Prime; btn_shape=\u00a0\u00bbsquare\u00a0\u00bb css=\u00a0\u00bb.vc_custom_1772269908236{margin-bottom: 0px !important;padding-top: 40px !important;padding-right: 40px !important;padding-bottom: 40px !important;padding-left: 40px !important;background-color: #000000 !important;}\u00a0\u00bb use_custom_fonts_h2=\u00a0\u00bbtrue\u00a0\u00bb el_class=\u00a0\u00bbbgwhite\u00a0\u00bb btn_link=\u00a0\u00bburl:https%3A%2F%2Ftestyoursite.xyz%2Flaval%2Fcontactez-nous%2F|||\u00a0\u00bb][\/vc_cta][\/vc_column][\/vc_row][vc_row layout=\u00a0\u00bbboxed\u00a0\u00bb parallax_scroll_effect=\u00a0\u00bbfixed\u00a0\u00bb el_class=\u00a0\u00bbmargin-top-50 box-center\u00a0\u00bb][vc_column][vc_row_inner layout=\u00a0\u00bbboxed\u00a0\u00bb][vc_column_inner width=\u00a0\u00bb1\/2&Prime;][vc_single_image image=\u00a0\u00bb1404&Prime; img_size=\u00a0\u00bb350&#215;300&Prime; onclick=\u00a0\u00bbcustom_link\u00a0\u00bb css_animation=\u00a0\u00bbbounceIn\u00a0\u00bb css=\u00a0\u00bb\u00a0\u00bb title=\u00a0\u00bbR\u00e9alisations\u00a0\u00bb link=\u00a0\u00bbhttps:\/\/testyoursite.xyz\/laval\/en\/realisations\/\u00a0\u00bb][\/vc_column_inner][vc_column_inner width=\u00a0\u00bb1\/2&Prime;][vc_single_image image=\u00a0\u00bb1444&Prime; img_size=\u00a0\u00bb350&#215;300&Prime; onclick=\u00a0\u00bbcustom_link\u00a0\u00bb css_animation=\u00a0\u00bbbounceIn\u00a0\u00bb css=\u00a0\u00bb\u00a0\u00bb title=\u00a0\u00bbR\u00e9alisations\u00a0\u00bb link=\u00a0\u00bbhttps:\/\/testyoursite.xyz\/laval\/en\/realisations\/\u00a0\u00bb][\/vc_column_inner][\/vc_row_inner][\/vc_column][\/vc_row][vc_row layout=\u00a0\u00bbboxed\u00a0\u00bb el_class=\u00a0\u00bbmargin-bottom-50&Prime;][vc_column]            <div data-plugin-options='{&quot;navigation&quot;:true,&quot;pagination&quot;:false,&quot;singleItem&quot;:false,&quot;stopOnHover&quot;:false,&quot;autoHeight&quot;:false,&quot;autoPlay&quot;:5000,&quot;items&quot;:4,&quot;itemsDesktop&quot;:[1199,4],&quot;itemsDesktopSmall&quot;:[979,4],&quot;itemsTablet&quot;:[768,2],&quot;itemsTabletSmall&quot;:false,&quot;itemsMobile&quot;:[479,1],&quot;itemsScaleUp&quot;:false}'\n                 class=\"darna-services owl-carousel  \" >\n                            <div class=\"darna-services-item\" style=\"background-image: url(https:\/\/testyoursite.xyz\/laval\/wp-content\/uploads\/2020\/03\/asphalt_paving_service_icon-1.jpg)\">\n                <div class=\"content-middle\">\n                     <div class=\"content-middle-inner\">\n                                                      <i class=\"fa fa-road\"><\/i>\n                                                                               <h3><a title=\"ASPHALTE\" target=\"_self\"\n                                    href=\"https:\/\/testyoursite.xyz\/laval\/asphalte\/\">ASPHALTE<\/a><\/h3>\n                                              <\/div>\n                <\/div>\n            <\/div>\n                        <div class=\"darna-services-item\" style=\"background-image: url(https:\/\/testyoursite.xyz\/laval\/wp-content\/uploads\/2020\/03\/ghunnamed-1.jpg)\">\n                <div class=\"content-middle\">\n                     <div class=\"content-middle-inner\">\n                                                      <i class=\"fa fa-flask\"><\/i>\n                                                                               <h3><a title=\"SCELLANT D&#039;ASPHALTE\" target=\"_self\"\n                                    href=\"https:\/\/testyoursite.xyz\/laval\/scellant-asphalte\/\">SCELLANT D&#039;ASPHALTE<\/a><\/h3>\n                                              <\/div>\n                <\/div>\n            <\/div>\n                        <div class=\"darna-services-item\" style=\"background-image: url(https:\/\/testyoursite.xyz\/laval\/wp-content\/uploads\/2022\/08\/unnamed-2.jpg)\">\n                <div class=\"content-middle\">\n                     <div class=\"content-middle-inner\">\n                                                      <i class=\"flaticon-road17\"><\/i>\n                                                                               <h3><a title=\"RESURFACAGE\" target=\"_self\"\n                                    href=\"https:\/\/testyoursite.xyz\/laval\/resurfacage-dasphalte\/\">RESURFACAGE<\/a><\/h3>\n                                              <\/div>\n                <\/div>\n            <\/div>\n                        <div class=\"darna-services-item\" style=\"background-image: url(https:\/\/testyoursite.xyz\/laval\/wp-content\/uploads\/2022\/08\/20200730_090629_resized.jpg)\">\n                <div class=\"content-middle\">\n                     <div class=\"content-middle-inner\">\n                                                      <i class=\"flaticon-tools6\"><\/i>\n                                                                               <h3><a title=\"REPARATION D&#039;ASPHALTE\" target=\"_self\"\n                                    href=\"https:\/\/testyoursite.xyz\/laval\/reparation-dasphalte\/\">REPARATION D&#039;ASPHALTE<\/a><\/h3>\n                                              <\/div>\n                <\/div>\n            <\/div>\n                        <\/div>\n            [\/vc_column][\/vc_row]<\/p>\n<\/div>","protected":false},"excerpt":{"rendered":"<p>[vc_row css=\u00a0\u00bb.vc_custom_1772780230616{padding-top: 30px !important;padding-bottom: 30px !important;background-color: #FEE800 !important;}\u00a0\u00bb el_class=\u00a0\u00bbbgblack\u00a0\u00bb][vc_column css=\u00a0\u00bb.vc_custom_1772260816410{padding-top: 0px !important;padding-right: 0px !important;padding-bottom: 0px !important;padding-left: 0px !important;background-color: #000000 !important;}\u00a0\u00bb][vc_cta h2=\u00a0\u00bbDemande de Soumission de Travaux d&rsquo;Asphaltage Complet \u00e0 Laval\u00a0\u00bb h2_font_container=\u00a0\u00bbtag:h2|font_size:30|text_align:left|color:%23ffffff|line_height:1.7&Prime; h2_google_fonts=\u00a0\u00bbfont_family:Oswald%3A300%2Cregular%2C700|font_style:400%20regular%3A400%3Anormal\u00a0\u00bb txt_align=\u00a0\u00bbcenter\u00a0\u00bb shape=\u00a0\u00bbsquare\u00a0\u00bb style=\u00a0\u00bbflat\u00a0\u00bb color=\u00a0\u00bbwhite\u00a0\u00bb add_button=\u00a0\u00bbright\u00a0\u00bb btn_title=\u00a0\u00bbDemande de Soumission\u00a0\u00bb btn_style=\u00a0\u00bboutline-custom\u00a0\u00bb btn_outline_custom_color=\u00a0\u00bb#ffffff\u00a0\u00bb btn_outline_custom_hover_background=\u00a0\u00bb#FEE800&Prime; btn_outline_custom_hover_text=\u00a0\u00bb#000000&Prime; btn_shape=\u00a0\u00bbsquare\u00a0\u00bb css=\u00a0\u00bb.vc_custom_1772269865487{margin-bottom: 0px !important;padding-top: 40px !important;padding-right: 40px !important;padding-bottom: 40px !important;padding-left: 40px !important;background-color: [&hellip;]<\/p>\n","protected":false},"author":3,"featured_media":2791,"parent":0,"menu_order":0,"comment_status":"closed","ping_status":"closed","template":"","meta":{"footnotes":""},"class_list":["post-1277","page","type-page","status-publish","has-post-thumbnail","hentry"],"_hostinger_reach_plugin_has_subscription_block":false,"_hostinger_reach_plugin_is_elementor":false,"_links":{"self":[{"href":"https:\/\/testyoursite.xyz\/laval\/wp-json\/wp\/v2\/pages\/1277","targetHints":{"allow":["GET"]}}],"collection":[{"href":"https:\/\/testyoursite.xyz\/laval\/wp-json\/wp\/v2\/pages"}],"about":[{"href":"https:\/\/testyoursite.xyz\/laval\/wp-json\/wp\/v2\/types\/page"}],"author":[{"embeddable":true,"href":"https:\/\/testyoursite.xyz\/laval\/wp-json\/wp\/v2\/users\/3"}],"replies":[{"embeddable":true,"href":"https:\/\/testyoursite.xyz\/laval\/wp-json\/wp\/v2\/comments?post=1277"}],"version-history":[{"count":28,"href":"https:\/\/testyoursite.xyz\/laval\/wp-json\/wp\/v2\/pages\/1277\/revisions"}],"predecessor-version":[{"id":2006726,"href":"https:\/\/testyoursite.xyz\/laval\/wp-json\/wp\/v2\/pages\/1277\/revisions\/2006726"}],"wp:featuredmedia":[{"embeddable":true,"href":"https:\/\/testyoursite.xyz\/laval\/wp-json\/wp\/v2\/media\/2791"}],"wp:attachment":[{"href":"https:\/\/testyoursite.xyz\/laval\/wp-json\/wp\/v2\/media?parent=1277"}],"curies":[{"name":"wp","href":"https:\/\/api.w.org\/{rel}","templated":true}]}}