{"id":1275,"date":"2020-03-05T20:24:51","date_gmt":"2020-03-06T01:24:51","guid":{"rendered":"https:\/\/testyoursite.xyz\/laval\/?page_id=1275"},"modified":"2026-04-17T07:10:15","modified_gmt":"2026-04-17T11:10:15","slug":"resurfacage-dasphalte","status":"publish","type":"page","link":"https:\/\/testyoursite.xyz\/laval\/resurfacage-dasphalte\/","title":{"rendered":"Resurfacage d&rsquo;asphalte a Laval"},"content":{"rendered":"<div class=\"wpb-content-wrapper\"><p>[vc_row css=\u00a0\u00bb.vc_custom_1772780204365{padding-top: 30px !important;padding-bottom: 30px !important;background-color: #FEE800 !important;}\u00a0\u00bb el_class=\u00a0\u00bbbgblack\u00a0\u00bb][vc_column css=\u00a0\u00bb.vc_custom_1772260816410{padding-top: 0px !important;padding-right: 0px !important;padding-bottom: 0px !important;padding-left: 0px !important;background-color: #000000 !important;}\u00a0\u00bb][vc_cta h2=\u00a0\u00bbDemande de Soumission de Resurfa\u00e7age d&rsquo;Asphalte \u00e0 Laval\u00a0\u00bb h2_font_container=\u00a0\u00bbtag:h2|font_size:30|text_align:left|color:%23ffffff|line_height:1.7&Prime; h2_google_fonts=\u00a0\u00bbfont_family:Oswald%3A300%2Cregular%2C700|font_style:400%20regular%3A400%3Anormal\u00a0\u00bb txt_align=\u00a0\u00bbcenter\u00a0\u00bb shape=\u00a0\u00bbsquare\u00a0\u00bb style=\u00a0\u00bbflat\u00a0\u00bb color=\u00a0\u00bbwhite\u00a0\u00bb add_button=\u00a0\u00bbright\u00a0\u00bb btn_title=\u00a0\u00bbDemande de Soumission\u00a0\u00bb btn_style=\u00a0\u00bboutline-custom\u00a0\u00bb btn_outline_custom_color=\u00a0\u00bb#ffffff\u00a0\u00bb btn_outline_custom_hover_background=\u00a0\u00bb#FEE800&Prime; btn_outline_custom_hover_text=\u00a0\u00bb#000000&Prime; btn_shape=\u00a0\u00bbsquare\u00a0\u00bb css=\u00a0\u00bb.vc_custom_1776046338435{margin-bottom: 0px !important;padding-top: 40px !important;padding-right: 40px !important;padding-bottom: 40px !important;padding-left: 40px !important;background-color: #000000 !important;}\u00a0\u00bb use_custom_fonts_h2=\u00a0\u00bbtrue\u00a0\u00bb el_class=\u00a0\u00bbbgwhite\u00a0\u00bb btn_link=\u00a0\u00bburl:https%3A%2F%2Ftestyoursite.xyz%2Flaval%2Fcontactez-nous%2F|||\u00a0\u00bb][\/vc_cta][\/vc_column][\/vc_row][vc_row layout=\u00a0\u00bbboxed\u00a0\u00bb parallax_scroll_effect=\u00a0\u00bbfixed\u00a0\u00bb el_class=\u00a0\u00bbmargin-top-40&Prime;][vc_column][vc_row_inner][vc_column_inner][vc_empty_space][vc_empty_space]\t\t\t<div\n\t\t\t\tclass=\"darna-heading style1 \" >\n\t\t\t\t\t\t\t\t\t<h2>RESURFA\u00c7AGE D\u2019ASPHALTE \u00c0 LAVAL<\/h2>\n\t\t\t\t\t\t\t\t\t\t\t<\/div>\n\t\t\t[vc_empty_space][vc_empty_space][\/vc_column_inner][\/vc_row_inner][vc_row_inner parallax_style=\u00a0\u00bbnone\u00a0\u00bb parallax_scroll_effect=\u00a0\u00bbfixed\u00a0\u00bb el_class=\u00a0\u00bbmargin-bottom-65&Prime;][vc_column_inner el_class=\u00a0\u00bbcol-md-6 col-sm-6 col-xs-12&Prime; width=\u00a0\u00bb1\/2&Prime;][vc_empty_space height=\u00a0\u00bb50px\u00a0\u00bb][vc_raw_html]JTNDaDIlMjBjbGFzcyUzRCUyMmRhcm5hLWhlYWRpbmctbWVkaWElMjIlM0VMRSUyMFJFU1VSRkElQzMlODdBR0UlMjBEJUUyJTgwJTk5QVNQSEFMVEUlM0MlMkZoMiUzRQ==[\/vc_raw_html][vc_column_text css=\u00a0\u00bb\u00a0\u00bb]<\/p>\n<p style=\"text-align: justify;\"><strong>Avec le temps, votre entr\u00e9e asphalt\u00e9e a besoin d\u2019un resurfa\u00e7age pour la rendre comme neuve. Il vieillit et s&rsquo;endommage \u00e0 cause de plusieurs facteurs: la temp\u00e9rature, chaude en \u00e9t\u00e9 et froide en hiver, les intemp\u00e9ries, les huiles et essences, et l&rsquo;usure g\u00e9n\u00e9rale. Le processus est moins co\u00fbteux qu\u2019un nouvel asphaltage complet, car il est plus simple et plus rapide. Le resurfa\u00e7age d&rsquo;asphalte, ou recouvrement, consiste \u00e0 installer une nouvelle couche d&rsquo;asphalte sur l&rsquo;ancien rev\u00eatement de votre entr\u00e9e asphalt\u00e9e, lui redonnant une nouvelle vie tout en augmentant la durabilit\u00e9. Au lieu d&rsquo;enlever votre <a href=\"https:\/\/testyoursite.xyz\/laval\/asphalte\/\">asphalte<\/a> existant, nous ajoutons une nouvelle couche d\u2019asphalte sur l\u2019ancien rev\u00eatement.\u00a0<\/strong><strong>Cette nouvelle couche a une \u00e9paisseur d&rsquo;environ 2 pouces apr\u00e8s compaction, et nous appliquons une couche de colle-<\/strong><a style=\"background-color: #ffffff;\" href=\"https:\/\/fr.wikipedia.org\/wiki\/Bitume#:~:text=Le%20bitume%20est%20un%20mat%C3%A9riau,une%20couleur%20brun%C3%A2tre%20%C3%A0%20noir%C3%A2tre.\" target=\"_blank\" rel=\"noopener\"><strong>bitume<\/strong><\/a><strong> au pr\u00e9alable pour assurer son adh\u00e9rence au pavage existant.<\/strong><\/p>\n<blockquote><p><strong>Le resurfa\u00e7age est-il un bon investissement? <\/strong><\/p>\n<p><strong>Oui. Le resurfa\u00e7age consiste \u00e0 ajouter une nouvelle couche d&rsquo;asphalte qui renforce votre all\u00e9e et prolonge sa dur\u00e9e de vie. Install\u00e9e sur une base solide et bien compact\u00e9e, elle garantit une durabilit\u00e9 et une performance optimales!<\/strong><\/p><\/blockquote>\n<p>[\/vc_column_text][\/vc_column_inner][vc_column_inner el_class=\u00a0\u00bbcol-md-6 col-sm-6 col-xs-12&Prime; width=\u00a0\u00bb1\/2&Prime;][vc_empty_space height=\u00a0\u00bb50px\u00a0\u00bb][vc_empty_space height=\u00a0\u00bb30px\u00a0\u00bb][vc_images_carousel images=\u00a0\u00bb1491,1492,1493,1535,1536&Prime; img_size=\u00a0\u00bb550&#215;440&Prime; onclick=\u00a0\u00bblink_no\u00a0\u00bb autoplay=\u00a0\u00bbyes\u00a0\u00bb wrap=\u00a0\u00bbyes\u00a0\u00bb css=\u00a0\u00bb\u00a0\u00bb][\/vc_column_inner][\/vc_row_inner][\/vc_column][\/vc_row][vc_row layout=\u00a0\u00bbboxed\u00a0\u00bb parallax_scroll_effect=\u00a0\u00bbfixed\u00a0\u00bb el_class=\u00a0\u00bbmargin-bottom-10&Prime;][vc_column][vc_empty_space height=\u00a0\u00bb50px\u00a0\u00bb][vc_empty_space height=\u00a0\u00bb50px\u00a0\u00bb][vc_row_inner parallax_style=\u00a0\u00bbnone\u00a0\u00bb parallax_scroll_effect=\u00a0\u00bbfixed\u00a0\u00bb][vc_column_inner el_class=\u00a0\u00bbcol-md-6 col-sm-6 col-xs-12&Prime; width=\u00a0\u00bb1\/2&Prime;][vc_images_carousel images=\u00a0\u00bb1624,1625,1626,1627,1628&Prime; img_size=\u00a0\u00bb550&#215;440&Prime; onclick=\u00a0\u00bblink_no\u00a0\u00bb autoplay=\u00a0\u00bbyes\u00a0\u00bb wrap=\u00a0\u00bbyes\u00a0\u00bb css=\u00a0\u00bb\u00a0\u00bb][\/vc_column_inner][vc_column_inner el_class=\u00a0\u00bbcol-md-6 col-sm-6 col-xs-12&Prime; width=\u00a0\u00bb1\/2&Prime;][vc_empty_space height=\u00a0\u00bb15px\u00a0\u00bb][vc_raw_html]JTNDaDIlMjBjbGFzcyUzRCUyMmRhcm5hLWhlYWRpbmctbWVkaWElMjIlM0VRdWFuZCUyMG9wdGVyJTIwcG91ciUyMHVuJTIwcmVzdXJmYSVDMyVBN2FnZSUyMGQlRTIlODAlOTlhc3BoYWx0ZSUyMCUzRiUzQyUyRmgyJTNF[\/vc_raw_html][vc_column_text css=\u00a0\u00bb\u00a0\u00bb]<strong>Vous vous demandez si vous devez faire un resurfa\u00e7age d\u2019asphalte ou un asphaltage complet? Selon l\u2019\u00e9tat de votre pavage d\u2019asphalte, r\u00e9sidentiel ou commercial, l\u2019une de ces options pourrait vous \u00eatre plus avantageuse que l\u2019autre. <\/strong>Il<strong> n&rsquo;est pas possible d&rsquo;effectuer un resurfa\u00e7age sur toutes les surfaces. Lors de la visite initiale, notre expert en asphaltage v\u00e9rifiera que certaines conditions sont respect\u00e9es :<\/strong><\/p>\n<p><strong>-La fondation doit \u00eatre de bonne qualit\u00e9.<\/strong><br \/>\n<strong>-Le drainage doit \u00eatre ad\u00e9quat.<\/strong><br \/>\n<strong>-Le niveau du terrain doit pouvoir accueillir une couche d\u2019asphalte suppl\u00e9mentaire.<\/strong><\/p>\n<p><b>Si l\u2019une de ces conditions n\u2019est pas respect\u00e9e, une nouvelle pose d\u2019asphalte conforme aux normes devra \u00eatre envisag\u00e9e.<\/b>[\/vc_column_text][\/vc_column_inner][\/vc_row_inner][vc_empty_space][\/vc_column][\/vc_row][vc_row parallax_scroll_effect=\u00a0\u00bbfixed\u00a0\u00bb el_class=\u00a0\u00bbmargin-top-40 customlist bulitpointx\u00a0\u00bb css=\u00a0\u00bb.vc_custom_1589065198741{padding-top: 80px !important;padding-bottom: 40px !important;background-color: #333333 !important;}\u00a0\u00bb][vc_column][vc_row_inner layout=\u00a0\u00bbboxed\u00a0\u00bb][vc_column_inner width=\u00a0\u00bb1\/2&Prime;]<div id=\"ultimate-heading-693069e457c4c3bfc\" class=\"uvc-heading ult-adjust-bottom-margin ultimate-heading-693069e457c4c3bfc uvc-277 \" data-hspacer=\"line_with_icon\" data-hline_width=\"150\" data-hicon_type=\"selector\" data-hborder_style=\"solid\" data-hborder_height=\"1\" data-hborder_color=\"#ccc\" data-icon_width=\"10\" data-hfixer=\"0\"  data-halign=\"center\" style=\"text-align:center\"><div class=\"uvc-main-heading ult-responsive\"  data-ultimate-target='.uvc-heading.ultimate-heading-693069e457c4c3bfc h3'  data-responsive-json-new='{\"font-size\":\"\",\"line-height\":\"\"}' ><h3 style=\"font-weight:normal;color:#FFFFFF;\">Avantages du Resurfa\u00e7age d'Asphalte<\/h3><\/div><div class=\"uvc-heading-spacer line_with_icon\" style=\"topheight:10px;\"><div class=\"ult-just-icon-wrapper  \"><div class=\"align-icon\" style=\"text-align:center;\">\n<div class=\"aio-icon circle \"  style=\"font-size:10px;display:inline-block;\">\n\t<i class=\"Defaults-circle\"><\/i>\n<\/div><\/div><\/div><\/div><\/div>[vc_column_text css=\u00a0\u00bb\u00a0\u00bb]<\/p>\n<p style=\"text-align: center; color: #ffffff;\">-\u00c9cologique<br \/>\n-Rentable<br \/>\n-Prolonge la dur\u00e9e de vie du rev\u00eatement<br \/>\n-Am\u00e9liore l&rsquo;aspect esth\u00e9tique<br \/>\n-Plus rapide qu&rsquo;un remplacement<\/p>\n<p>[\/vc_column_text][vc_empty_space][vc_single_image image=\u00a0\u00bb2162&Prime; img_size=\u00a0\u00bb300&#215;200&Prime; alignment=\u00a0\u00bbcenter\u00a0\u00bb][\/vc_column_inner][vc_column_inner width=\u00a0\u00bb1\/2&Prime;][vc_empty_space][vc_custom_heading text=\u00a0\u00bbProc\u00e9dure du Resurfa\u00e7age d&rsquo;Asphalte\u00a0\u00bb font_container=\u00a0\u00bbtag:h3|text_align:center|color:%23FFFFFF\u00a0\u00bb use_theme_fonts=\u00a0\u00bbyes\u00a0\u00bb css=\u00a0\u00bb\u00a0\u00bb][vc_empty_space]<div class=\"smile_icon_list_wrap ult_info_list_container ult-adjust-bottom-margin  \"><ul class=\"smile_icon_list left circle with_bg\"><li class=\"icon_list_item\" style=\" font-size:60px;\"><div class=\"icon_list_icon\" data-animation=\"\" data-animation-delay=\"03\" style=\"font-size:20px;border-width:1px;border-style:none;background:#6a6a6a;color:#dedede;border-color:#333333;\"><i class=\"Defaults-arrow-circle-right\" ><\/i><\/div><div class=\"icon_description\" id=\"Info-list-wrap-8434\" style=\"font-size:20px;\"><h3 class=\"ult-responsive info-list-heading\"  data-ultimate-target='#Info-list-wrap-8434 h3'  data-responsive-json-new='{\"font-size\":\"desktop:16px;\",\"line-height\":\"desktop:24px;\"}'  style=\"color:#FFFFFF;\">1 - Nettoyage de votre asphalte existant<\/h3><div class=\"icon_description_text ult-responsive\"  data-ultimate-target='#Info-list-wrap-8434 .icon_description_text'  data-responsive-json-new='{\"font-size\":\"desktop:13px;\",\"line-height\":\"desktop:18px;\"}'  style=\"color:#FFFFFF;\"><p>Nous commencerons par arracher et br\u00fbler les herbes jusqu&rsquo;\u00e0 la racine ; par la suite, nous nettoierons \u00e0 l&rsquo;aide de balais et d&rsquo;un souffleur \u00e0 feuilles pour que votre vieil asphalte soit propre.<\/p>\n<\/div><\/div><div class=\"icon_list_connector\"  style=\"border-right-width: 2px;border-right-style: solid;border-color: #6e6e6e;left: 30px;\"><\/div><\/li><li class=\"icon_list_item\" style=\" font-size:60px;\"><div class=\"icon_list_icon\" data-animation=\"\" data-animation-delay=\"03\" style=\"font-size:20px;border-width:1px;border-style:none;background:#6a6a6a;color:#dedede;border-color:#333333;\"><i class=\"Defaults-arrow-circle-right\" ><\/i><\/div><div class=\"icon_description\" id=\"Info-list-wrap-4421\" style=\"font-size:20px;\"><h3 class=\"ult-responsive info-list-heading\"  data-ultimate-target='#Info-list-wrap-4421 h3'  data-responsive-json-new='{\"font-size\":\"desktop:16px;\",\"line-height\":\"desktop:24px;\"}'  style=\"color:#FFFFFF;\">2 - Application de bitume liquide : Enviro-colle<\/h3><div class=\"icon_description_text ult-responsive\"  data-ultimate-target='#Info-list-wrap-4421 .icon_description_text'  data-responsive-json-new='{\"font-size\":\"desktop:13px;\",\"line-height\":\"desktop:18px;\"}'  style=\"color:#FFFFFF;\"><p>Nous appliquerons une couche de bitume appel\u00e9e Enviro-colle, qui servira de colle pour maximiser l&rsquo;adh\u00e9rence de la nouvelle couche d&rsquo;asphalte \u00e0 votre vieil asphalte.<\/p>\n<\/div><\/div><div class=\"icon_list_connector\"  style=\"border-right-width: 2px;border-right-style: solid;border-color: #6e6e6e;left: 30px;\"><\/div><\/li><li class=\"icon_list_item\" style=\" font-size:60px;\"><div class=\"icon_list_icon\" data-animation=\"\" data-animation-delay=\"03\" style=\"font-size:20px;border-width:1px;border-style:none;background:#6a6a6a;color:#dedede;border-color:#333333;\"><i class=\"Defaults-arrow-circle-right\" ><\/i><\/div><div class=\"icon_description\" id=\"Info-list-wrap-6498\" style=\"font-size:20px;\"><h3 class=\"ult-responsive info-list-heading\"  data-ultimate-target='#Info-list-wrap-6498 h3'  data-responsive-json-new='{\"font-size\":\"desktop:16px;\",\"line-height\":\"desktop:24px;\"}'  style=\"color:#FFFFFF;\">3 - Installation de la nouvelle couche d'asphalte<\/h3><div class=\"icon_description_text ult-responsive\"  data-ultimate-target='#Info-list-wrap-6498 .icon_description_text'  data-responsive-json-new='{\"font-size\":\"desktop:13px;\",\"line-height\":\"desktop:18px;\"}'  style=\"color:#FFFFFF;\"><p>Nous allons installer et niveler une nouvelle couche d&rsquo;asphalte de 2 pouces, apr\u00e8s compaction, sur votre couche d&rsquo;asphalte existante.<\/p>\n<\/div><\/div><div class=\"icon_list_connector\"  style=\"border-right-width: 2px;border-right-style: solid;border-color: #6e6e6e;left: 30px;\"><\/div><\/li><li class=\"icon_list_item\" style=\" font-size:60px;\"><div class=\"icon_list_icon\" data-animation=\"\" data-animation-delay=\"03\" style=\"font-size:20px;border-width:1px;border-style:none;background:#6a6a6a;color:#dedede;border-color:#333333;\"><i class=\"Defaults-arrow-circle-right\" ><\/i><\/div><div class=\"icon_description\" id=\"Info-list-wrap-1015\" style=\"font-size:20px;\"><h3 class=\"ult-responsive info-list-heading\"  data-ultimate-target='#Info-list-wrap-1015 h3'  data-responsive-json-new='{\"font-size\":\"desktop:16px;\",\"line-height\":\"desktop:24px;\"}'  style=\"color:#FFFFFF;\">4 - Compaction de l'asphalte<\/h3><div class=\"icon_description_text ult-responsive\"  data-ultimate-target='#Info-list-wrap-1015 .icon_description_text'  data-responsive-json-new='{\"font-size\":\"desktop:13px;\",\"line-height\":\"desktop:18px;\"}'  style=\"color:#FFFFFF;\"><p>Nous commencerons par une compaction avec une plaque de compaction, puis, \u00e0 l&rsquo;aide d&rsquo;un rouleau compresseur, afin d&rsquo;obtenir une compaction maximale de votre nouvelle entr\u00e9e asphalt\u00e9e.<\/p>\n<\/div><\/div><div class=\"icon_list_connector\"  style=\"border-right-width: 2px;border-right-style: solid;border-color: #6e6e6e;left: 30px;\"><\/div><\/li><\/ul><\/div>[\/vc_column_inner][\/vc_row_inner][\/vc_column][\/vc_row][vc_row css=\u00a0\u00bb.vc_custom_1772780214145{padding-top: 30px !important;padding-bottom: 30px !important;background-color: #FEE800 !important;}\u00a0\u00bb el_class=\u00a0\u00bbbgblack\u00a0\u00bb][vc_column css=\u00a0\u00bb.vc_custom_1772260816410{padding-top: 0px !important;padding-right: 0px !important;padding-bottom: 0px !important;padding-left: 0px !important;background-color: #000000 !important;}\u00a0\u00bb][vc_cta h2=\u00a0\u00bbDemande de Soumission de Resurfa\u00e7age d&rsquo;Asphalte \u00e0 Laval\u00a0\u00bb h2_font_container=\u00a0\u00bbtag:h2|font_size:30|text_align:left|color:%23ffffff|line_height:1.7&Prime; h2_google_fonts=\u00a0\u00bbfont_family:Oswald%3A300%2Cregular%2C700|font_style:400%20regular%3A400%3Anormal\u00a0\u00bb txt_align=\u00a0\u00bbcenter\u00a0\u00bb shape=\u00a0\u00bbsquare\u00a0\u00bb style=\u00a0\u00bbflat\u00a0\u00bb color=\u00a0\u00bbwhite\u00a0\u00bb add_button=\u00a0\u00bbright\u00a0\u00bb btn_title=\u00a0\u00bbDemande de Soumission\u00a0\u00bb btn_style=\u00a0\u00bboutline-custom\u00a0\u00bb btn_outline_custom_color=\u00a0\u00bb#ffffff\u00a0\u00bb btn_outline_custom_hover_background=\u00a0\u00bb#FEE800&Prime; btn_outline_custom_hover_text=\u00a0\u00bb#000000&Prime; btn_shape=\u00a0\u00bbsquare\u00a0\u00bb css=\u00a0\u00bb.vc_custom_1776046351823{margin-bottom: 0px !important;padding-top: 40px !important;padding-right: 40px !important;padding-bottom: 40px !important;padding-left: 40px !important;background-color: #000000 !important;}\u00a0\u00bb use_custom_fonts_h2=\u00a0\u00bbtrue\u00a0\u00bb el_class=\u00a0\u00bbbgwhite\u00a0\u00bb btn_link=\u00a0\u00bburl:https%3A%2F%2Ftestyoursite.xyz%2Flaval%2Fcontactez-nous%2F|||\u00a0\u00bb][\/vc_cta][\/vc_column][\/vc_row][vc_row layout=\u00a0\u00bbboxed\u00a0\u00bb parallax_scroll_effect=\u00a0\u00bbfixed\u00a0\u00bb el_class=\u00a0\u00bbmargin-top-50 box-center\u00a0\u00bb][vc_column][vc_row_inner layout=\u00a0\u00bbboxed\u00a0\u00bb][vc_column_inner width=\u00a0\u00bb1\/2&Prime;][vc_single_image image=\u00a0\u00bb1369&Prime; img_size=\u00a0\u00bb350&#215;300&Prime; onclick=\u00a0\u00bbcustom_link\u00a0\u00bb css_animation=\u00a0\u00bbbounceIn\u00a0\u00bb css=\u00a0\u00bb\u00a0\u00bb title=\u00a0\u00bbR\u00e9alisations\u00a0\u00bb link=\u00a0\u00bbhttps:\/\/testyoursite.xyz\/laval\/en\/realisations\/\u00a0\u00bb][\/vc_column_inner][vc_column_inner width=\u00a0\u00bb1\/2&Prime;][vc_single_image image=\u00a0\u00bb1416&Prime; img_size=\u00a0\u00bb350&#215;300&Prime; onclick=\u00a0\u00bbcustom_link\u00a0\u00bb css_animation=\u00a0\u00bbbounceIn\u00a0\u00bb css=\u00a0\u00bb\u00a0\u00bb title=\u00a0\u00bbR\u00e9alisations\u00a0\u00bb link=\u00a0\u00bbhttps:\/\/testyoursite.xyz\/laval\/en\/realisations\/\u00a0\u00bb][\/vc_column_inner][\/vc_row_inner][\/vc_column][\/vc_row][vc_row layout=\u00a0\u00bbboxed\u00a0\u00bb el_class=\u00a0\u00bbmargin-bottom-50&Prime;][vc_column]            <div data-plugin-options='{&quot;navigation&quot;:true,&quot;pagination&quot;:false,&quot;singleItem&quot;:false,&quot;stopOnHover&quot;:false,&quot;autoHeight&quot;:false,&quot;autoPlay&quot;:5000,&quot;items&quot;:4,&quot;itemsDesktop&quot;:[1199,4],&quot;itemsDesktopSmall&quot;:[979,4],&quot;itemsTablet&quot;:[768,2],&quot;itemsTabletSmall&quot;:false,&quot;itemsMobile&quot;:[479,1],&quot;itemsScaleUp&quot;:false}'\n                 class=\"darna-services owl-carousel  \" >\n                            <div class=\"darna-services-item\" style=\"background-image: url(https:\/\/testyoursite.xyz\/laval\/wp-content\/uploads\/2020\/03\/asphalt_paving_service_icon-1.jpg)\">\n                <div class=\"content-middle\">\n                     <div class=\"content-middle-inner\">\n                                                      <i class=\"fa fa-road\"><\/i>\n                                                                               <h3><a title=\"\" target=\"_self\" href=\"https:\/\/testyoursite.xyz\/laval\/asphalte\/?lang=en\">ASPHALTE<\/a><\/h3>\n                                              <\/div>\n                <\/div>\n            <\/div>\n                        <div class=\"darna-services-item\" style=\"background-image: url(https:\/\/testyoursite.xyz\/laval\/wp-content\/uploads\/2020\/03\/ghunnamed-1.jpg)\">\n                <div class=\"content-middle\">\n                     <div class=\"content-middle-inner\">\n                                                      <i class=\"fa fa-flask\"><\/i>\n                                                                               <h3><a title=\"\" target=\"_self\" href=\"https:\/\/testyoursite.xyz\/laval\/scellant-asphalte\/?lang=en\">SCELLANT D&#039;ASPHALTE<\/a><\/h3>\n                                              <\/div>\n                <\/div>\n            <\/div>\n                        <div class=\"darna-services-item\" style=\"background-image: url(https:\/\/testyoursite.xyz\/laval\/wp-content\/uploads\/2022\/08\/unnamed-2.jpg)\">\n                <div class=\"content-middle\">\n                     <div class=\"content-middle-inner\">\n                                                      <i class=\"flaticon-road17\"><\/i>\n                                                                               <h3><a title=\"RESURFACAGE\" target=\"_self\" href=\"https:\/\/testyoursite.xyz\/laval\/resurfacage-dasphalte\/\">RESURFACAGE<\/a><\/h3>\n                                              <\/div>\n                <\/div>\n            <\/div>\n                        <div class=\"darna-services-item\" style=\"background-image: url(https:\/\/testyoursite.xyz\/laval\/wp-content\/uploads\/2022\/08\/20200730_090629_resized.jpg)\">\n                <div class=\"content-middle\">\n                     <div class=\"content-middle-inner\">\n                                                      <i class=\"flaticon-tools6\"><\/i>\n                                                                               <h3><a title=\"REPARATION D&#039;ASPHALTE\" target=\"_self\" href=\"https:\/\/testyoursite.xyz\/laval\/reparation-dasphalte\/\">REPARATION D&#039;ASPHALTE<\/a><\/h3>\n                                              <\/div>\n                <\/div>\n            <\/div>\n                        <\/div>\n            [\/vc_column][\/vc_row]<\/p>\n<\/div>","protected":false},"excerpt":{"rendered":"<p>[vc_row css=\u00a0\u00bb.vc_custom_1772780204365{padding-top: 30px !important;padding-bottom: 30px !important;background-color: #FEE800 !important;}\u00a0\u00bb el_class=\u00a0\u00bbbgblack\u00a0\u00bb][vc_column css=\u00a0\u00bb.vc_custom_1772260816410{padding-top: 0px !important;padding-right: 0px !important;padding-bottom: 0px !important;padding-left: 0px !important;background-color: #000000 !important;}\u00a0\u00bb][vc_cta h2=\u00a0\u00bbDemande de Soumission de Resurfa\u00e7age d&rsquo;Asphalte \u00e0 Laval\u00a0\u00bb h2_font_container=\u00a0\u00bbtag:h2|font_size:30|text_align:left|color:%23ffffff|line_height:1.7&Prime; h2_google_fonts=\u00a0\u00bbfont_family:Oswald%3A300%2Cregular%2C700|font_style:400%20regular%3A400%3Anormal\u00a0\u00bb txt_align=\u00a0\u00bbcenter\u00a0\u00bb shape=\u00a0\u00bbsquare\u00a0\u00bb style=\u00a0\u00bbflat\u00a0\u00bb color=\u00a0\u00bbwhite\u00a0\u00bb add_button=\u00a0\u00bbright\u00a0\u00bb btn_title=\u00a0\u00bbDemande de Soumission\u00a0\u00bb btn_style=\u00a0\u00bboutline-custom\u00a0\u00bb btn_outline_custom_color=\u00a0\u00bb#ffffff\u00a0\u00bb btn_outline_custom_hover_background=\u00a0\u00bb#FEE800&Prime; btn_outline_custom_hover_text=\u00a0\u00bb#000000&Prime; btn_shape=\u00a0\u00bbsquare\u00a0\u00bb css=\u00a0\u00bb.vc_custom_1776046338435{margin-bottom: 0px !important;padding-top: 40px !important;padding-right: 40px !important;padding-bottom: 40px !important;padding-left: 40px !important;background-color: #000000 [&hellip;]<\/p>\n","protected":false},"author":3,"featured_media":2783,"parent":0,"menu_order":0,"comment_status":"closed","ping_status":"closed","template":"","meta":{"footnotes":""},"class_list":["post-1275","page","type-page","status-publish","has-post-thumbnail","hentry"],"_hostinger_reach_plugin_has_subscription_block":false,"_hostinger_reach_plugin_is_elementor":false,"_links":{"self":[{"href":"https:\/\/testyoursite.xyz\/laval\/wp-json\/wp\/v2\/pages\/1275","targetHints":{"allow":["GET"]}}],"collection":[{"href":"https:\/\/testyoursite.xyz\/laval\/wp-json\/wp\/v2\/pages"}],"about":[{"href":"https:\/\/testyoursite.xyz\/laval\/wp-json\/wp\/v2\/types\/page"}],"author":[{"embeddable":true,"href":"https:\/\/testyoursite.xyz\/laval\/wp-json\/wp\/v2\/users\/3"}],"replies":[{"embeddable":true,"href":"https:\/\/testyoursite.xyz\/laval\/wp-json\/wp\/v2\/comments?post=1275"}],"version-history":[{"count":32,"href":"https:\/\/testyoursite.xyz\/laval\/wp-json\/wp\/v2\/pages\/1275\/revisions"}],"predecessor-version":[{"id":2006735,"href":"https:\/\/testyoursite.xyz\/laval\/wp-json\/wp\/v2\/pages\/1275\/revisions\/2006735"}],"wp:featuredmedia":[{"embeddable":true,"href":"https:\/\/testyoursite.xyz\/laval\/wp-json\/wp\/v2\/media\/2783"}],"wp:attachment":[{"href":"https:\/\/testyoursite.xyz\/laval\/wp-json\/wp\/v2\/media?parent=1275"}],"curies":[{"name":"wp","href":"https:\/\/api.w.org\/{rel}","templated":true}]}}