{"id":1272,"date":"2020-03-05T20:21:30","date_gmt":"2020-03-06T01:21:30","guid":{"rendered":"https:\/\/testyoursite.xyz\/laval\/?page_id=1272"},"modified":"2026-04-17T07:09:40","modified_gmt":"2026-04-17T11:09:40","slug":"reparation-dasphalte","status":"publish","type":"page","link":"https:\/\/testyoursite.xyz\/laval\/reparation-dasphalte\/","title":{"rendered":"R\u00e9paration d&rsquo;asphalte a Laval"},"content":{"rendered":"<div class=\"wpb-content-wrapper\"><p>[vc_row css=\u00a0\u00bb.vc_custom_1772780157092{padding-top: 30px !important;padding-bottom: 30px !important;background-color: #FEE800 !important;}\u00a0\u00bb el_class=\u00a0\u00bbbgblack\u00a0\u00bb][vc_column css=\u00a0\u00bb.vc_custom_1772260816410{padding-top: 0px !important;padding-right: 0px !important;padding-bottom: 0px !important;padding-left: 0px !important;background-color: #000000 !important;}\u00a0\u00bb][vc_cta h2=\u00a0\u00bbDemande de soumission de r\u00e9paration d&rsquo;asphalte \u00e0 Laval\u00a0\u00bb h2_font_container=\u00a0\u00bbtag:h2|font_size:30|text_align:left|color:%23ffffff|line_height:1.7&Prime; h2_google_fonts=\u00a0\u00bbfont_family:Oswald%3A300%2Cregular%2C700|font_style:400%20regular%3A400%3Anormal\u00a0\u00bb txt_align=\u00a0\u00bbcenter\u00a0\u00bb shape=\u00a0\u00bbsquare\u00a0\u00bb style=\u00a0\u00bbflat\u00a0\u00bb color=\u00a0\u00bbwhite\u00a0\u00bb add_button=\u00a0\u00bbright\u00a0\u00bb btn_title=\u00a0\u00bbDemande de Soumission\u00a0\u00bb btn_style=\u00a0\u00bboutline-custom\u00a0\u00bb btn_outline_custom_color=\u00a0\u00bb#ffffff\u00a0\u00bb btn_outline_custom_hover_background=\u00a0\u00bb#FEE800&Prime; btn_outline_custom_hover_text=\u00a0\u00bb#000000&Prime; btn_shape=\u00a0\u00bbsquare\u00a0\u00bb css=\u00a0\u00bb.vc_custom_1772269649577{margin-bottom: 0px !important;padding-top: 40px !important;padding-right: 40px !important;padding-bottom: 40px !important;padding-left: 40px !important;background-color: #000000 !important;}\u00a0\u00bb use_custom_fonts_h2=\u00a0\u00bbtrue\u00a0\u00bb el_class=\u00a0\u00bbbgwhite\u00a0\u00bb btn_link=\u00a0\u00bburl:https%3A%2F%2Ftestyoursite.xyz%2Flaval%2Fcontactez-nous%2F|||\u00a0\u00bb][\/vc_cta][\/vc_column][\/vc_row][vc_row layout=\u00a0\u00bbboxed\u00a0\u00bb parallax_scroll_effect=\u00a0\u00bbfixed\u00a0\u00bb el_class=\u00a0\u00bbmargin-top-40&Prime;][vc_column][vc_row_inner][vc_column_inner][vc_empty_space]\t\t\t<div\n\t\t\t\tclass=\"darna-heading style1 \" >\n\t\t\t\t\t\t\t\t\t<h2>R\u00e9paration d'Asphalte a Laval<\/h2>\n\t\t\t\t\t\t\t\t\t\t\t<\/div>\n\t\t\t[vc_empty_space][vc_empty_space][\/vc_column_inner][\/vc_row_inner][vc_row_inner layout=\u00a0\u00bbboxed\u00a0\u00bb parallax_style=\u00a0\u00bbnone\u00a0\u00bb parallax_scroll_effect=\u00a0\u00bbfixed\u00a0\u00bb el_class=\u00a0\u00bbmargin-bottom-65&Prime;][vc_column_inner el_class=\u00a0\u00bbcol-md-6 col-sm-6 col-xs-12&Prime; width=\u00a0\u00bb1\/2&Prime;][vc_empty_space][vc_custom_heading text=\u00a0\u00bbTYPES DE R\u00c9PARATION D&rsquo;ASPHALTE\u00a0\u00bb font_container=\u00a0\u00bbtag:h2|font_size:30|text_align:left\u00a0\u00bb use_theme_fonts=\u00a0\u00bbyes\u00a0\u00bb css=\u00a0\u00bb\u00a0\u00bb][vc_empty_space height=\u00a0\u00bb20px\u00a0\u00bb][vc_column_text css=\u00a0\u00bb\u00a0\u00bb]<strong>On a besoin de r\u00e9paration d\u2019asphalte, car, bien que l\u2019asphalte soit un rev\u00eatement des plus durables, il est difficile de lutter contre les\u00a0<\/strong><a style=\"background-color: #ffffff;\" href=\"https:\/\/www.larousse.fr\/dictionnaires\/francais\/intemp%C3%A9rie\/43566\" target=\"_blank\" rel=\"noopener\"><strong>intemp\u00e9ries<\/strong><\/a><strong>\u00a0qu\u00e9b\u00e9coises\u00a0<\/strong>\u2014<strong> gel\/d\u00e9gel et l\u2019usure du temps.<\/strong><strong>\u00a0Au fil des ans, votre pavage d\u2019asphalte se d\u00e9t\u00e9riore, perd sa beaut\u00e9 d\u2019antan et devient plus difficile \u00e0 entretenir. Dans certains cas, votre asphalte peut \u00e9galement laisser appara\u00eetre des fissures, des trous ou des creux. La principale raison de proc\u00e9der \u00e0 la r\u00e9paration de votre asphalte est d&#8217;emp\u00eacher la p\u00e9n\u00e9tration de l&rsquo;eau. Il y a diff\u00e9rents types de r\u00e9parations d&rsquo;asphalte :<\/strong><\/p>\n<ul>\n<li>\n<h5><strong>r\u00e9paration de fissure<\/strong><\/h5>\n<\/li>\n<li>\n<h5><strong>r\u00e9paration de trou<\/strong><\/h5>\n<\/li>\n<li>\n<h5><strong>r\u00e9parer les affaissements d&rsquo;asphalte\u00a0<\/strong><\/h5>\n<\/li>\n<\/ul>\n<h4><\/h4>\n<h4><strong>Avantages de r\u00e9parer votre asphalte:<\/strong><\/h4>\n<p><strong>\u2022 Protection de la base<\/strong><br \/>\n<strong>\u2022 Pr\u00e9vient la\u00a0 contamination des zones saines<\/strong><br \/>\n<strong>\u2022 Prolonge la dur\u00e9e de vie de votre stationnement<\/strong><br \/>\n<strong>\u2022Meilleur rapport qualit\u00e9-prix<\/strong>[\/vc_column_text][\/vc_column_inner][vc_column_inner el_class=\u00a0\u00bbcol-md-6 col-sm-6 col-xs-12&Prime; width=\u00a0\u00bb1\/2&Prime;][vc_empty_space][vc_empty_space][vc_images_carousel images=\u00a0\u00bb4808,4812,4814,4816,4818,4820,5048,5050,5052,5054,5056,5058,5060,5062,5064&Prime; img_size=\u00a0\u00bb550&#215;440&Prime; onclick=\u00a0\u00bblink_no\u00a0\u00bb autoplay=\u00a0\u00bbyes\u00a0\u00bb wrap=\u00a0\u00bbyes\u00a0\u00bb css=\u00a0\u00bb\u00a0\u00bb][\/vc_column_inner][\/vc_row_inner][\/vc_column][\/vc_row][vc_row layout=\u00a0\u00bbboxed\u00a0\u00bb parallax_scroll_effect=\u00a0\u00bbfixed\u00a0\u00bb el_class=\u00a0\u00bbmargin-top-40&Prime;][vc_column][vc_row_inner parallax_style=\u00a0\u00bbnone\u00a0\u00bb parallax_scroll_effect=\u00a0\u00bbfixed\u00a0\u00bb][vc_column_inner][vc_empty_space height=\u00a0\u00bb50px\u00a0\u00bb]\t\t\t<div\n\t\t\t\tclass=\"darna-heading style1 \" >\n\t\t\t\t\t\t\t\t\t<h2>Autres services de r\u00e9paration d'asphalte<\/h2>\n\t\t\t\t\t\t\t\t\t\t\t<\/div>\n\t\t\t[\/vc_column_inner][\/vc_row_inner][vc_empty_space height=\u00a0\u00bb50px\u00a0\u00bb][\/vc_column][\/vc_row][vc_row layout=\u00a0\u00bbboxed\u00a0\u00bb parallax_scroll_effect=\u00a0\u00bbfixed\u00a0\u00bb el_class=\u00a0\u00bbmargin-bottom-60&Prime; css=\u00a0\u00bb.vc_custom_1582572879669{padding-right: 30px !important;padding-left: 30px !important;}\u00a0\u00bb][vc_column width=\u00a0\u00bb1\/2&Prime;][vc_column_text css=\u00a0\u00bb\u00a0\u00bb]<\/p>\n<ul>\n<li style=\"text-align: left;\"><strong>Ajustement autour des regards (trous d\u2019homme).<\/strong><\/li>\n<li style=\"text-align: left;\"><strong>Rampe pour corriger l\u2019affaissement devant le garage ou sur le c\u00f4t\u00e9 de la maison.<\/strong><\/li>\n<li style=\"text-align: left;\"><b>Correction des affaissements dus aux pneus des v\u00e9hicules.<\/b><\/li>\n<li style=\"text-align: left;\"><strong>Dos d\u2019\u00e2ne.<\/strong><\/li>\n<li style=\"text-align: left;\"><strong>Correction des pentes pour l\u2019\u00e9coulement de l\u2019eau.<\/strong><\/li>\n<li style=\"text-align: left;\"><strong>Am\u00e9nagement d&rsquo;all\u00e9e asphalt\u00e9e.<\/strong><\/li>\n<li style=\"text-align: left;\"><strong>Trous caus\u00e9s par les taches d\u2019huile et d\u2019essence.<\/strong><\/li>\n<li style=\"text-align: left;\"><strong>Nid de poule et trou dans l&rsquo;asphalte.<\/strong><\/li>\n<li><strong>Fissures profondes ou continues.\u00a0 \u00a0 \u00a0<\/strong><\/li>\n<\/ul>\n<p>[\/vc_column_text][\/vc_column][vc_column width=\u00a0\u00bb1\/2&Prime;][vc_column_text css=\u00a0\u00bb\u00a0\u00bb]<\/p>\n<ul>\n<li><strong>Correction des pentes vers un puisard.\u00a0 \u00a0 \u00a0 \u00a0<\/strong><\/li>\n<li><strong> Rampes d\u2019acc\u00e8s en asphalte pour faciliter l\u2019acc\u00e8s \u00e0 vos entrep\u00f4ts ou \u00e0 vos garages.\u00a0 \u00a0 \u00a0<\/strong><\/li>\n<li><strong><strong>Rampe anti-infiltration d\u2019eau pr\u00e8s du solage des maisons ou des <\/strong>b\u00e2timents.<\/strong><\/li>\n<li><strong>R\u00e9paration de caniveaux (pluviaux).<\/strong><\/li>\n<li><strong>R\u00e9paration de stationnement.<\/strong><\/li>\n<li><strong>Rapi\u00e9\u00e7age d&rsquo;une partie d&rsquo;asphalte.<\/strong><\/li>\n<li><strong>Colmatage de fissures.<\/strong><\/li>\n<li><strong>R\u00e9parations diverses d\u2019asphalte.<\/strong><\/li>\n<li><strong>Affaissement d\u2019asphalte.<\/strong><\/li>\n<\/ul>\n<p>[\/vc_column_text][\/vc_column][\/vc_row][vc_row el_class=\u00a0\u00bbbutomxspc\u00a0\u00bb][vc_column][vc_empty_space height=\u00a0\u00bb50px\u00a0\u00bb][vc_empty_space height=\u00a0\u00bb50px\u00a0\u00bb]<div id=\"uvc-type-wrap-6017\"  data-ultimate-target='#uvc-type-wrap-6017'  data-responsive-json-new='{\"font-size\":\"desktop:50px;tablet_portrait:18px;mobile_landscape:15px;mobile:14px;\",\"line-height\":\"\"}'  class=\"uvc-type-wrap  ult-adjust-bottom-margin ult-responsive  uvc-type-align-center uvc-type-no-prefix uvc-wrap-384022005169e457c3ca191\" style=\"text-align:center;\"><span id=\"typed-384022005169e457c3ca191\" class=\"ultimate-typed-main fancytext-typewriter-background-enabled\" style=\"color:#000000;background:#3ff939; font-weight:bold; text-transform: uppercase;\"><\/span><script type=\"text\/javascript\">\n\t\t\t\t\t\tjQuery(function($){ \n\t\t\t\t\t\t\t$(document).ready(function(){\n\t\t\t\t\t\t\t\tif( typeof jQuery(\"#typed-384022005169e457c3ca191\").typed == \"function\"){\n\t\t\t\t\t\t\t\t\t$(\"#typed-384022005169e457c3ca191\").typed({\n\t\t\t\t\t\t\t\t\t\tstrings: [\"Appelez nous des maintenant\",\"\",\"450-328-4118\"],\n\t\t\t\t\t\t\t\t\t\ttypeSpeed: 35,\n\t\t\t\t\t\t\t\t\t\tbackSpeed: 0,\n\t\t\t\t\t\t\t\t\t\tstartDelay: \"200\",\n\t\t\t\t\t\t\t\t\t\tbackDelay: \"1500\",\n\t\t\t\t\t\t\t\t\t\tloop: true,\n\t\t\t\t\t\t\t\t\t\tloopCount: false,\n\t\t\t\t\t\t\t\t\t\tshowCursor: true,\n\t\t\t\t\t\t\t\t\t\tcursorChar: \"|\",\n\t\t\t\t\t\t\t\t\t\tattr: null\n\t\t\t\t\t\t\t\t\t});\n\t\t\t\t\t\t\t\t}\n\t\t\t\t\t\t\t});\n\t\t\t\t\t\t});\n\t\t\t\t\t<\/script><\/div>[vc_empty_space height=\u00a0\u00bb50px\u00a0\u00bb][\/vc_column][\/vc_row][vc_row layout=\u00a0\u00bbboxed\u00a0\u00bb parallax_scroll_effect=\u00a0\u00bbfixed\u00a0\u00bb el_class=\u00a0\u00bbmargin-top-40&Prime;][vc_column][vc_empty_space height=\u00a0\u00bb50px\u00a0\u00bb][vc_row_inner layout=\u00a0\u00bbboxed\u00a0\u00bb parallax_style=\u00a0\u00bbnone\u00a0\u00bb parallax_scroll_effect=\u00a0\u00bbfixed\u00a0\u00bb el_class=\u00a0\u00bbmargin-bottom-65&Prime;][vc_column_inner el_class=\u00a0\u00bbcol-md-6 col-sm-6 col-xs-12&Prime; width=\u00a0\u00bb1\/2&Prime;][vc_empty_space][vc_empty_space][vc_images_carousel images=\u00a0\u00bb4831,4833,4835&Prime; img_size=\u00a0\u00bb550&#215;440&Prime; onclick=\u00a0\u00bblink_no\u00a0\u00bb autoplay=\u00a0\u00bbyes\u00a0\u00bb wrap=\u00a0\u00bbyes\u00a0\u00bb css=\u00a0\u00bb\u00a0\u00bb][\/vc_column_inner][vc_column_inner el_class=\u00a0\u00bbcol-md-6 col-sm-6 col-xs-12&Prime; width=\u00a0\u00bb1\/2&Prime;][vc_raw_html css=\u00a0\u00bb\u00a0\u00bb]JTNDaDIlMjBjbGFzcyUzRCUyMmRhcm5hLWhlYWRpbmctbWVkaWElMjIlM0VOaWQtZGUtcG91bGUlMkMlMjB0cm91JTIwZXQlMjBjcmV1eCUzQyUyRmgyJTNF[\/vc_raw_html][vc_column_text css=\u00a0\u00bb\u00a0\u00bb]<strong>Lorsqu&rsquo;il y a un trou dans votre asphalte, avec le temps, il s\u2019agrandira et l\u2019eau s\u2019y infiltrera, ce qui rend votre asphalte plus propice \u00e0 craquer et \u00e0 se d\u00e9t\u00e9riorer en raison du gel et du d\u00e9gel. Sans compter qu\u2019une d\u00e9nivellation du sol peut \u00eatre dangereuse en raison du risque de blessure. C\u2019est \u00e9galement le cas d\u2019un creux qui se remplit d\u2019eau et forme une v\u00e9ritable patinoire en hiver. Dans ces cas, une r\u00e9paration s\u2019impose.<\/strong><\/p>\n<h4><strong>Proc\u00e9dure de r\u00e9paration des trous et creux dans l&rsquo;asphalte:<\/strong><\/h4>\n<ul>\n<li><strong>Nettoyage et pr\u00e9paration de la surface \u00e0 r\u00e9parer<\/strong><\/li>\n<li><strong>Application de colle\/adh\u00e9sif afin d\u2019assurer une meilleure adh\u00e9rence<\/strong><\/li>\n<li><strong>Application d\u2019asphalte chaud<\/strong><\/li>\n<li><strong>Compaction<\/strong><\/li>\n<\/ul>\n<div class=\"av-special-heading av-special-heading-h2 custom-color-heading avia-builder-el-4 el_after_av_textblock el_before_av_textblock \">\n<h5><\/h5>\n<h5 class=\"av-special-heading-tag \"><strong>D\u00c9COUPAGE<\/strong><\/h5>\n<p><b>Moyennant des frais suppl\u00e9mentaires, nous pouvons d\u00e9couper l\u2019asphalte \u00e0 l\u2019aide d\u2019une scie \u00e0 b\u00e9ton pour obtenir de meilleurs r\u00e9sultats en mati\u00e8re de durabilit\u00e9 et d\u2019esth\u00e9tique.<\/b><\/p>\n<p><strong><a href=\"https:\/\/testyoursite.xyz\/laval\/contactez-nous\/\">Contactez-nous<\/a> maintenant pour vos r\u00e9parations de nids-de-poule, de trous et de creux d&rsquo;asphalte.<\/strong><\/p>\n<\/div>\n<p>[\/vc_column_text][\/vc_column_inner][\/vc_row_inner][\/vc_column][\/vc_row][vc_row layout=\u00a0\u00bbboxed\u00a0\u00bb parallax_scroll_effect=\u00a0\u00bbfixed\u00a0\u00bb el_class=\u00a0\u00bbmargin-top-40&Prime;][vc_column][vc_empty_space height=\u00a0\u00bb50px\u00a0\u00bb][vc_empty_space height=\u00a0\u00bb50px\u00a0\u00bb][vc_row_inner layout=\u00a0\u00bbboxed\u00a0\u00bb parallax_style=\u00a0\u00bbnone\u00a0\u00bb parallax_scroll_effect=\u00a0\u00bbfixed\u00a0\u00bb el_class=\u00a0\u00bbmargin-bottom-65&Prime;][vc_column_inner el_class=\u00a0\u00bbcol-md-6 col-sm-6 col-xs-12&Prime; width=\u00a0\u00bb1\/2&Prime;][vc_empty_space][vc_raw_html css=\u00a0\u00bb\u00a0\u00bb]JTNDaDIlMjBjbGFzcyUzRCUyMmRhcm5hLWhlYWRpbmctbWVkaWElMjIlM0VGaXNzdXJlJTNDJTJGaDIlM0U=[\/vc_raw_html][vc_column_text css=\u00a0\u00bb\u00a0\u00bb]<strong>Le colmatage des fissures dans votre entr\u00e9e d\u2019asphalte est un programme d\u2019entretien pr\u00e9ventif visant \u00e0 att\u00e9nuer ou \u00e0 pr\u00e9venir l\u2019infiltration d\u2019eau \u00e0 l\u2019int\u00e9rieur de votre asphalte. <\/strong><strong>La fissuration due \u00e0 l\u2019infiltration d\u2019eau entra\u00eenera la d\u00e9t\u00e9rioration progressive de votre stationnement asphalt\u00e9. Ce type de traitement freine l\u2019infiltration d\u2019eau dans le pavage d\u2019asphalte et, par cons\u00e9quent, prot\u00e8ge la fondation. Le traitement des fissures ralentit la d\u00e9gradation du pavage et en prolonge la dur\u00e9e de vie. Si la fissure est de moins d&rsquo;un pouce; un traitement au scellant suffira o\u00f9 nous remplirons la fissure de scellant ce qui emp\u00e8chera l&rsquo;infiltration d&rsquo;eau, si la fissure est plus large, alors nous ferons une r\u00e9paration avec de l&rsquo;asphalte.<\/strong><\/p>\n<p><strong><a style=\"color: #222;\" href=\"https:\/\/testyoursite.xyz\/laval\/contactez-nous\/\">Contactez-nous<\/a> maintenant pour vos r\u00e9parations de fissures d\u2019asphalte.<\/strong>[\/vc_column_text][\/vc_column_inner][vc_column_inner el_class=\u00a0\u00bbcol-md-6 col-sm-6 col-xs-12&Prime; width=\u00a0\u00bb1\/2&Prime;][vc_images_carousel images=\u00a0\u00bb4839,4843,4845,4847,4851&Prime; img_size=\u00a0\u00bb550&#215;440&Prime; onclick=\u00a0\u00bblink_no\u00a0\u00bb autoplay=\u00a0\u00bbyes\u00a0\u00bb wrap=\u00a0\u00bbyes\u00a0\u00bb css=\u00a0\u00bb\u00a0\u00bb][\/vc_column_inner][\/vc_row_inner][\/vc_column][\/vc_row][vc_row layout=\u00a0\u00bbboxed\u00a0\u00bb parallax_scroll_effect=\u00a0\u00bbfixed\u00a0\u00bb el_class=\u00a0\u00bbmargin-top-40&Prime;][vc_column][vc_empty_space height=\u00a0\u00bb50px\u00a0\u00bb][vc_custom_heading text=\u00a0\u00bbCOMPL\u00c9MENTER AVEC UN SCELLANT\u00a0\u00bb font_container=\u00a0\u00bbtag:h2|font_size:30|text_align:center\u00a0\u00bb use_theme_fonts=\u00a0\u00bbyes\u00a0\u00bb css=\u00a0\u00bb\u00a0\u00bb][vc_empty_space height=\u00a0\u00bb30px\u00a0\u00bb][vc_column_text css=\u00a0\u00bb\u00a0\u00bb]<\/p>\n<h4 style=\"text-align: center;\"><strong>L&rsquo;application d&rsquo;un <a href=\"https:\/\/testyoursite.xyz\/laval\/scellant-asphalte\/\">scellant d&rsquo;asphalte<\/a> au bitume hydratant, install\u00e9 au jet \u00e0 pression par notre \u00e9quipe \u00e0 la suite d\u2019une r\u00e9paration d\u2019asphalte, aide \u00e0 unir la couleur de l\u2019asphalte neuf a celle de votre vieil asphalte. C\u2019est une fa\u00e7on moins dispendieuse de prolonger la dur\u00e9e de vie de votre stationnement asphalt\u00e9e et de reporter \u00e0 plus tard une importante d\u00e9pense pour refaire toute votre entr\u00e9e d&rsquo;asphalte.<\/strong><\/h4>\n<p>[\/vc_column_text][vc_empty_space height=\u00a0\u00bb120px\u00a0\u00bb][\/vc_column][\/vc_row][vc_row css=\u00a0\u00bb.vc_custom_1772780169827{padding-top: 30px !important;padding-bottom: 30px !important;background-color: #FEE800 !important;}\u00a0\u00bb el_class=\u00a0\u00bbbgblack\u00a0\u00bb][vc_column css=\u00a0\u00bb.vc_custom_1772260816410{padding-top: 0px !important;padding-right: 0px !important;padding-bottom: 0px !important;padding-left: 0px !important;background-color: #000000 !important;}\u00a0\u00bb][vc_cta h2=\u00a0\u00bbDemande de Soumission de R\u00e9paration d&rsquo;Asphalte \u00e0 Laval\u00a0\u00bb h2_font_container=\u00a0\u00bbtag:h2|font_size:30|text_align:left|color:%23ffffff|line_height:1.7&Prime; h2_google_fonts=\u00a0\u00bbfont_family:Oswald%3A300%2Cregular%2C700|font_style:400%20regular%3A400%3Anormal\u00a0\u00bb txt_align=\u00a0\u00bbcenter\u00a0\u00bb shape=\u00a0\u00bbsquare\u00a0\u00bb style=\u00a0\u00bbflat\u00a0\u00bb color=\u00a0\u00bbwhite\u00a0\u00bb add_button=\u00a0\u00bbright\u00a0\u00bb btn_title=\u00a0\u00bbDemande de Soumission\u00a0\u00bb btn_style=\u00a0\u00bboutline-custom\u00a0\u00bb btn_outline_custom_color=\u00a0\u00bb#ffffff\u00a0\u00bb btn_outline_custom_hover_background=\u00a0\u00bb#FEE800&Prime; btn_outline_custom_hover_text=\u00a0\u00bb#000000&Prime; btn_shape=\u00a0\u00bbsquare\u00a0\u00bb css=\u00a0\u00bb.vc_custom_1772269703519{margin-bottom: 0px !important;padding-top: 40px !important;padding-right: 40px !important;padding-bottom: 40px !important;padding-left: 40px !important;background-color: #000000 !important;}\u00a0\u00bb use_custom_fonts_h2=\u00a0\u00bbtrue\u00a0\u00bb el_class=\u00a0\u00bbbgwhite\u00a0\u00bb btn_link=\u00a0\u00bburl:https%3A%2F%2Ftestyoursite.xyz%2Flaval%2Fcontactez-nous%2F|||\u00a0\u00bb][\/vc_cta][\/vc_column][\/vc_row][vc_row layout=\u00a0\u00bbboxed\u00a0\u00bb parallax_scroll_effect=\u00a0\u00bbfixed\u00a0\u00bb el_class=\u00a0\u00bbmargin-top-50 box-center\u00a0\u00bb][vc_column][vc_row_inner layout=\u00a0\u00bbboxed\u00a0\u00bb][vc_column_inner width=\u00a0\u00bb1\/2&Prime;][vc_single_image image=\u00a0\u00bb1404&Prime; img_size=\u00a0\u00bb350&#215;300&Prime; onclick=\u00a0\u00bbcustom_link\u00a0\u00bb css_animation=\u00a0\u00bbbounceIn\u00a0\u00bb css=\u00a0\u00bb\u00a0\u00bb title=\u00a0\u00bbR\u00e9alisations\u00a0\u00bb link=\u00a0\u00bbhttps:\/\/testyoursite.xyz\/laval\/en\/realisations\/\u00a0\u00bb][\/vc_column_inner][vc_column_inner width=\u00a0\u00bb1\/2&Prime;][vc_single_image image=\u00a0\u00bb1447&Prime; img_size=\u00a0\u00bb350&#215;300&Prime; onclick=\u00a0\u00bbcustom_link\u00a0\u00bb css_animation=\u00a0\u00bbbounceIn\u00a0\u00bb css=\u00a0\u00bb\u00a0\u00bb title=\u00a0\u00bbR\u00e9alisations\u00a0\u00bb link=\u00a0\u00bbhttps:\/\/testyoursite.xyz\/laval\/en\/realisations\/\u00a0\u00bb][\/vc_column_inner][\/vc_row_inner][\/vc_column][\/vc_row][vc_row layout=\u00a0\u00bbboxed\u00a0\u00bb el_class=\u00a0\u00bbmargin-bottom-50&Prime;][vc_column]            <div data-plugin-options='{&quot;navigation&quot;:true,&quot;pagination&quot;:false,&quot;singleItem&quot;:false,&quot;stopOnHover&quot;:false,&quot;autoHeight&quot;:false,&quot;autoPlay&quot;:5000,&quot;items&quot;:4,&quot;itemsDesktop&quot;:[1199,4],&quot;itemsDesktopSmall&quot;:[979,4],&quot;itemsTablet&quot;:[768,2],&quot;itemsTabletSmall&quot;:false,&quot;itemsMobile&quot;:[479,1],&quot;itemsScaleUp&quot;:false}'\n                 class=\"darna-services owl-carousel  \" >\n                            <div class=\"darna-services-item\" style=\"background-image: url(https:\/\/testyoursite.xyz\/laval\/wp-content\/uploads\/2020\/03\/heavy-tandem-road-roller-compacting-layers-of-PTBS9JM-scaled.jpg)\">\n                <div class=\"content-middle\">\n                     <div class=\"content-middle-inner\">\n                                                      <i class=\"fa fa-road\"><\/i>\n                                                                               <h3><a title=\"ASPHALTE\" target=\"_self\" href=\"https:\/\/testyoursite.xyz\/laval\/asphalte\/\">ASPHALTE<\/a><\/h3>\n                                              <\/div>\n                <\/div>\n            <\/div>\n                        <div class=\"darna-services-item\" style=\"background-image: url(https:\/\/testyoursite.xyz\/laval\/wp-content\/uploads\/2020\/03\/ghunnamed-1.jpg)\">\n                <div class=\"content-middle\">\n                     <div class=\"content-middle-inner\">\n                                                      <i class=\"fa fa-flask\"><\/i>\n                                                                               <h3><a title=\"SCELLANT D&#039;ASPHALTE\" target=\"_self\" href=\"https:\/\/testyoursite.xyz\/laval\/scellant-asphalte\/\">SCELLANT D&#039;ASPHALTE<\/a><\/h3>\n                                              <\/div>\n                <\/div>\n            <\/div>\n                        <div class=\"darna-services-item\" style=\"background-image: url(https:\/\/testyoursite.xyz\/laval\/wp-content\/uploads\/2022\/08\/unnamed-2.jpg)\">\n                <div class=\"content-middle\">\n                     <div class=\"content-middle-inner\">\n                                                      <i class=\"flaticon-road17\"><\/i>\n                                                                               <h3><a title=\"RESURFACAGE\" target=\"_self\" href=\"https:\/\/testyoursite.xyz\/laval\/resurfacage-dasphalte\/\">RESURFACAGE<\/a><\/h3>\n                                              <\/div>\n                <\/div>\n            <\/div>\n                        <div class=\"darna-services-item\" style=\"background-image: url(https:\/\/testyoursite.xyz\/laval\/wp-content\/uploads\/2022\/08\/20200730_090629_resized.jpg)\">\n                <div class=\"content-middle\">\n                     <div class=\"content-middle-inner\">\n                                                      <i class=\"flaticon-tools6\"><\/i>\n                                                                               <h3><a title=\"REPARATION D&#039;ASPHALTE\" target=\"_self\" href=\"https:\/\/testyoursite.xyz\/laval\/reparation-dasphalte\/\">REPARATION D&#039;ASPHALTE<\/a><\/h3>\n                                              <\/div>\n                <\/div>\n            <\/div>\n                        <\/div>\n            [\/vc_column][\/vc_row]<\/p>\n<\/div>","protected":false},"excerpt":{"rendered":"<p>[vc_row css=\u00a0\u00bb.vc_custom_1772780157092{padding-top: 30px !important;padding-bottom: 30px !important;background-color: #FEE800 !important;}\u00a0\u00bb el_class=\u00a0\u00bbbgblack\u00a0\u00bb][vc_column css=\u00a0\u00bb.vc_custom_1772260816410{padding-top: 0px !important;padding-right: 0px !important;padding-bottom: 0px !important;padding-left: 0px !important;background-color: #000000 !important;}\u00a0\u00bb][vc_cta h2=\u00a0\u00bbDemande de soumission de r\u00e9paration d&rsquo;asphalte \u00e0 Laval\u00a0\u00bb h2_font_container=\u00a0\u00bbtag:h2|font_size:30|text_align:left|color:%23ffffff|line_height:1.7&Prime; h2_google_fonts=\u00a0\u00bbfont_family:Oswald%3A300%2Cregular%2C700|font_style:400%20regular%3A400%3Anormal\u00a0\u00bb txt_align=\u00a0\u00bbcenter\u00a0\u00bb shape=\u00a0\u00bbsquare\u00a0\u00bb style=\u00a0\u00bbflat\u00a0\u00bb color=\u00a0\u00bbwhite\u00a0\u00bb add_button=\u00a0\u00bbright\u00a0\u00bb btn_title=\u00a0\u00bbDemande de Soumission\u00a0\u00bb btn_style=\u00a0\u00bboutline-custom\u00a0\u00bb btn_outline_custom_color=\u00a0\u00bb#ffffff\u00a0\u00bb btn_outline_custom_hover_background=\u00a0\u00bb#FEE800&Prime; btn_outline_custom_hover_text=\u00a0\u00bb#000000&Prime; btn_shape=\u00a0\u00bbsquare\u00a0\u00bb css=\u00a0\u00bb.vc_custom_1772269649577{margin-bottom: 0px !important;padding-top: 40px !important;padding-right: 40px !important;padding-bottom: 40px !important;padding-left: 40px !important;background-color: #000000 [&hellip;]<\/p>\n","protected":false},"author":3,"featured_media":1444,"parent":0,"menu_order":0,"comment_status":"closed","ping_status":"closed","template":"","meta":{"footnotes":""},"class_list":["post-1272","page","type-page","status-publish","has-post-thumbnail","hentry"],"_hostinger_reach_plugin_has_subscription_block":false,"_hostinger_reach_plugin_is_elementor":false,"_links":{"self":[{"href":"https:\/\/testyoursite.xyz\/laval\/wp-json\/wp\/v2\/pages\/1272","targetHints":{"allow":["GET"]}}],"collection":[{"href":"https:\/\/testyoursite.xyz\/laval\/wp-json\/wp\/v2\/pages"}],"about":[{"href":"https:\/\/testyoursite.xyz\/laval\/wp-json\/wp\/v2\/types\/page"}],"author":[{"embeddable":true,"href":"https:\/\/testyoursite.xyz\/laval\/wp-json\/wp\/v2\/users\/3"}],"replies":[{"embeddable":true,"href":"https:\/\/testyoursite.xyz\/laval\/wp-json\/wp\/v2\/comments?post=1272"}],"version-history":[{"count":20,"href":"https:\/\/testyoursite.xyz\/laval\/wp-json\/wp\/v2\/pages\/1272\/revisions"}],"predecessor-version":[{"id":2006721,"href":"https:\/\/testyoursite.xyz\/laval\/wp-json\/wp\/v2\/pages\/1272\/revisions\/2006721"}],"wp:featuredmedia":[{"embeddable":true,"href":"https:\/\/testyoursite.xyz\/laval\/wp-json\/wp\/v2\/media\/1444"}],"wp:attachment":[{"href":"https:\/\/testyoursite.xyz\/laval\/wp-json\/wp\/v2\/media?parent=1272"}],"curies":[{"name":"wp","href":"https:\/\/api.w.org\/{rel}","templated":true}]}}