{"id":1153,"date":"2020-02-24T16:32:42","date_gmt":"2020-02-24T21:32:42","guid":{"rendered":"https:\/\/testyoursite.xyz\/laval\/?page_id=1153"},"modified":"2026-04-17T07:11:53","modified_gmt":"2026-04-17T11:11:53","slug":"scellant-asphalte","status":"publish","type":"page","link":"https:\/\/testyoursite.xyz\/laval\/scellant-asphalte\/","title":{"rendered":"Scellant d&rsquo;Asphalte a Laval"},"content":{"rendered":"<div class=\"wpb-content-wrapper\"><p>[vc_row css=\u00a0\u00bb.vc_custom_1772780268207{padding-top: 30px !important;padding-bottom: 30px !important;background-color: #FEE800 !important;}\u00a0\u00bb el_class=\u00a0\u00bbbgblack\u00a0\u00bb][vc_column css=\u00a0\u00bb.vc_custom_1772260816410{padding-top: 0px !important;padding-right: 0px !important;padding-bottom: 0px !important;padding-left: 0px !important;background-color: #000000 !important;}\u00a0\u00bb][vc_cta h2=\u00a0\u00bbDemande de Soumission de Traitement de Scellant d&rsquo;Asphalte \u00e0 Laval\u00a0\u00bb h2_font_container=\u00a0\u00bbtag:h2|font_size:30|text_align:left|color:%23ffffff|line_height:1.7&Prime; h2_google_fonts=\u00a0\u00bbfont_family:Oswald%3A300%2Cregular%2C700|font_style:400%20regular%3A400%3Anormal\u00a0\u00bb txt_align=\u00a0\u00bbcenter\u00a0\u00bb shape=\u00a0\u00bbsquare\u00a0\u00bb style=\u00a0\u00bbflat\u00a0\u00bb color=\u00a0\u00bbwhite\u00a0\u00bb add_button=\u00a0\u00bbright\u00a0\u00bb btn_title=\u00a0\u00bbDemande de Soumission\u00a0\u00bb btn_style=\u00a0\u00bboutline-custom\u00a0\u00bb btn_outline_custom_color=\u00a0\u00bb#ffffff\u00a0\u00bb btn_outline_custom_hover_background=\u00a0\u00bb#FEE800&Prime; btn_outline_custom_hover_text=\u00a0\u00bb#000000&Prime; btn_shape=\u00a0\u00bbsquare\u00a0\u00bb css=\u00a0\u00bb.vc_custom_1776059962043{margin-bottom: 0px !important;padding-top: 40px !important;padding-right: 40px !important;padding-bottom: 40px !important;padding-left: 40px !important;background-color: #000000 !important;}\u00a0\u00bb use_custom_fonts_h2=\u00a0\u00bbtrue\u00a0\u00bb el_class=\u00a0\u00bbbgwhite\u00a0\u00bb btn_link=\u00a0\u00bburl:https%3A%2F%2Ftestyoursite.xyz%2Flaval%2Fcontactez-nous%2F|||\u00a0\u00bb][\/vc_cta][\/vc_column][\/vc_row][vc_row layout=\u00a0\u00bbboxed\u00a0\u00bb parallax_scroll_effect=\u00a0\u00bbfixed\u00a0\u00bb el_class=\u00a0\u00bbmargin-top-40&Prime;][vc_column][vc_empty_space height=\u00a0\u00bb60px\u00a0\u00bb]\t\t\t<div\n\t\t\t\tclass=\"darna-heading style1 \" >\n\t\t\t\t\t\t\t\t\t<h2>Votre asphalte commence \u00e0 montrer des signes d\u2019usure ?<\/h2>\n\t\t\t\t\t\t\t\t\t\t\t<\/div>\n\t\t\t[vc_empty_space height=\u00a0\u00bb60px\u00a0\u00bb][vc_empty_space height=\u00a0\u00bb60px\u00a0\u00bb][vc_row_inner parallax_style=\u00a0\u00bbnone\u00a0\u00bb parallax_scroll_effect=\u00a0\u00bbfixed\u00a0\u00bb el_class=\u00a0\u00bbmargin-bottom-65&Prime;][vc_column_inner el_class=\u00a0\u00bbcol-md-6 col-sm-6 col-xs-12&Prime; width=\u00a0\u00bb1\/2&Prime;][vc_column_text css=\u00a0\u00bb\u00a0\u00bb]<\/p>\n<h3 style=\"text-align: center;\"><strong>PROLONGER SA DUR\u00c9E DE VIE ET <\/strong><\/h3>\n<h3 style=\"text-align: center;\"><strong>REDONNEZ-LUI UNE APPARENCE D&rsquo;ASPHALTE NEUF AVEC UN <\/strong><\/h3>\n<h3 style=\"text-align: center;\"><strong>SCELLANT D&rsquo;ASPHALTE !<\/strong><\/h3>\n<p>&nbsp;<\/p>\n<p style=\"text-align: justify;\"><strong>Le scellant d&rsquo;asphalte a une longue histoire; il y a 50 ans, le seul produit utilis\u00e9 pour prot\u00e9ger les stationnements commerciaux et les entr\u00e9es des r\u00e9sidences \u00e9tait l\u2019\u00e9mulsion de houille. Aujourd\u2019hui, plusieurs types de scellants sont disponibles, et certains sont plus efficaces que d\u2019autres. Nous utilisons un scellant d\u2019asphalte au bitume de premi\u00e8re qualit\u00e9, appliqu\u00e9 \u00e0 l\u2019aide d\u2019un jet \u00e0 haute pression, pour un r\u00e9sultat sup\u00e9rieur.<\/strong><\/p>\n<p style=\"text-align: justify;\"><strong>Restaurer votre entr\u00e9e d\u2019asphalte avec un scellant redonne un aspect plus propre et mieux entretenu \u00e0 votre propri\u00e9t\u00e9. Il est \u00e9galement appr\u00e9ci\u00e9 pour redonner la couleur d\u2019origine de l\u2019asphalte avec un fini non lustr\u00e9 pour un effet naturel. Cependant, en raison de l\u2019usure, il est recommand\u00e9 de le refaire tous les 2 \u00e0 3 ans, ou \u00e0 votre discr\u00e9tion. Sceller son entr\u00e9e avec un scellant d\u2019asphalte est un investissement abordable qui vous \u00e9vite, \u00e0 court terme, de faire un changement complet de l\u2019asphalte.<\/strong><\/p>\n<blockquote>\n<p style=\"text-align: justify;\"><strong>Avec un traitement au scellant au 2 ou 3 ans, vous pouvez prolonger la dur\u00e9e de vie de votre entr\u00e9e asphalt\u00e9e de 10 \u00e0 15 ans.<\/strong><\/p>\n<\/blockquote>\n<p>[\/vc_column_text][\/vc_column_inner][vc_column_inner el_class=\u00a0\u00bbcol-md-6 col-sm-6 col-xs-12&Prime; width=\u00a0\u00bb1\/2&Prime;][vc_empty_space height=\u00a0\u00bb60px\u00a0\u00bb][vc_single_image image=\u00a0\u00bb2555&Prime; img_size=\u00a0\u00bb500&#215;500&Prime; alignment=\u00a0\u00bbright\u00a0\u00bb style=\u00a0\u00bbvc_box_border_circle_2&Prime;][\/vc_column_inner][\/vc_row_inner][vc_empty_space][vc_empty_space][\/vc_column][\/vc_row][vc_row layout=\u00a0\u00bbboxed\u00a0\u00bb parallax_scroll_effect=\u00a0\u00bbfixed\u00a0\u00bb el_class=\u00a0\u00bbmargin-top-20&Prime;][vc_column][vc_row_inner parallax_style=\u00a0\u00bbnone\u00a0\u00bb parallax_scroll_effect=\u00a0\u00bbfixed\u00a0\u00bb el_class=\u00a0\u00bbmargin-bottom-40&Prime;][vc_column_inner][vc_column_text css=\u00a0\u00bb\u00a0\u00bb]<\/p>\n<h3 style=\"text-align: center;\"><strong>Comment prot\u00e9ger et prolonger la dur\u00e9e de vie de votre asphalte ?<\/strong><\/h3>\n<p style=\"text-align: justify;\"><strong>Afin de maintenir et de prolonger la dur\u00e9e de vie de votre asphalte, il est important de prendre les mesures n\u00e9cessaires pour contrer la d\u00e9t\u00e9rioration naturelle et humaine. La premi\u00e8re ligne de d\u00e9fense contre la d\u00e9t\u00e9rioration intempestive de l\u2019asphalte consiste \u00e0 sceller votre entr\u00e9e de cour en asphalte de mani\u00e8re professionnelle, autrement dit, \u00e0 poser un scellant d\u2019asphalte. Cela emp\u00eachera l&rsquo;eau de p\u00e9n\u00e9trer dans la surface de l&rsquo;asphalte. Le scellant au bitume agit sur l\u2019asphalte comme une protection et un adh\u00e9sif, aidant ainsi \u00e0 prolonger sa\u00a0 dur\u00e9e de vie.<\/strong><\/p>\n<p>&nbsp;<\/p>\n<h3 style=\"text-align: center;\"><strong>Il est conseill\u00e9 de prot\u00e9ger son entr\u00e9e d&rsquo;asphalte d\u00e8s le d\u00e9but<\/strong><\/h3>\n<p style=\"text-align: justify;\"><strong>Un nouvel asphalte devrait \u00e9galement \u00eatre scell\u00e9 1 an apr\u00e8s sa pose. Les entr\u00e9es d\u2019asphalte non scell\u00e9es sont constamment expos\u00e9es \u00e0 des agents destructeurs, ce qui entra\u00eene des dommages et raccourcit la dur\u00e9e de vie de votre entr\u00e9e asphalt\u00e9e.<\/strong><\/p>\n<p>&nbsp;<\/p>\n<h3 style=\"text-align: center;\"><strong>Pourquoi appliquer un scellant d\u2019asphalte ?<\/strong><\/h3>\n<p style=\"text-align: justify;\"><strong>Sceller correctement et professionnellement votre entr\u00e9e en asphalte ralentira d\u2019abord l\u2019apparition de fissures et de trous disgracieux. Notre processus de scellage offre une protection durable et d&rsquo;un bel aspect, prot\u00e8ge votre entr\u00e9e contre les intemp\u00e9ries de notre beau Qu\u00e9bec et donne \u00e0 l&rsquo;asphalte une meilleure protection contre les huiles, l&rsquo;essence, la mati\u00e8re grasse, le sel et d&rsquo;autres agents.<\/strong><\/p>\n<p>&nbsp;<\/p>\n<h3 style=\"text-align: center;\"><strong>Avantages du scellant d\u2019asphalte<\/strong><\/h3>\n<p style=\"text-align: justify;\"><strong>D\u2019ann\u00e9e en ann\u00e9e, l\u2019asphalte commence \u00e0 se fissurer et a besoin d\u2019un scellant. G\u00e9n\u00e9ralement, tous les 2 ou 3 ans, comme nous le conseillons \u00e0 tous nos clients. Le scellant prolongera la dur\u00e9e de vie de votre investissement et vous permettra d\u2019\u00e9viter un nouvel am\u00e9nagement ou de gros travaux par la suite. Pour obtenir des r\u00e9sultats plus durables et de meilleure qualit\u00e9, notre \u00e9quipe se fera un plaisir d\u2019installer votre scellant \u00e0 l\u2019aide d\u2019un jet \u00e0 haute pression qui p\u00e9n\u00e8tre imm\u00e9diatement dans votre asphalte, pour un fini parfait et sans traces.<\/strong><\/p>\n<p>[\/vc_column_text][\/vc_column_inner][\/vc_row_inner][vc_empty_space height=\u00a0\u00bb50px\u00a0\u00bb][vc_empty_space height=\u00a0\u00bb80px\u00a0\u00bb][\/vc_column][\/vc_row][vc_row layout=\u00a0\u00bbboxed\u00a0\u00bb parallax_scroll_effect=\u00a0\u00bbfixed\u00a0\u00bb el_class=\u00a0\u00bbmargin-top-40&Prime;][vc_column][vc_row_inner parallax_style=\u00a0\u00bbnone\u00a0\u00bb parallax_scroll_effect=\u00a0\u00bbfixed\u00a0\u00bb el_class=\u00a0\u00bbmargin-bottom-65&Prime;][vc_column_inner el_class=\u00a0\u00bbcol-md-6 col-sm-6 col-xs-12&Prime; width=\u00a0\u00bb1\/2&Prime;][vc_images_carousel images=\u00a0\u00bb2559,2560,2561&Prime; img_size=\u00a0\u00bb550&#215;440&Prime; onclick=\u00a0\u00bblink_no\u00a0\u00bb autoplay=\u00a0\u00bbyes\u00a0\u00bb wrap=\u00a0\u00bbyes\u00a0\u00bb css=\u00a0\u00bb\u00a0\u00bb][vc_empty_space height=\u00a0\u00bb62px\u00a0\u00bb][vc_column_text css=\u00a0\u00bb\u00a0\u00bb]<\/p>\n<h3 style=\"text-align: center;\"><strong>Scellant de premi\u00e8re qualit\u00e9 <\/strong><\/h3>\n<p style=\"text-align: justify;\"><strong>Laval Asphalte vous garantit l\u2019utilisation d\u2019un scellant de haute qualit\u00e9. Il ne faut pas confondre le scellant au bitume avec les scellants <span lang=\"EN-CA\">\u00e0 base d\u2019acrylique et ceux \u00e0 base d\u2019eau. Ces derniers ne sont pas tr\u00e8s r\u00e9sistants \u00e0 l\u2019usure et aux hydrocarbures, ce qui peut entra\u00eener d\u2019autres probl\u00e8mes. L\u2019utilisation d\u2019un scellant \u00e0 base de bitume devrait \u00eatre votre premier choix pour prot\u00e9ger votre investissement.<\/span><\/strong><\/p>\n<p>[\/vc_column_text][\/vc_column_inner][vc_column_inner el_class=\u00a0\u00bbcol-md-6 col-sm-6 col-xs-12&Prime; width=\u00a0\u00bb1\/2&Prime;][vc_column_text css=\u00a0\u00bb\u00a0\u00bb]<\/p>\n<h3><strong>Scellant \u00e0 base de bitume \u00a0(r\u00e9sidentiel et commercial)<\/strong><\/h3>\n<p style=\"text-align: justify;\"><strong>Les surfaces non prot\u00e9g\u00e9es vont perdre leur couleur et leur durabilit\u00e9 en raison de notre climat rigoureux, des p\u00e9riodes de gel et de d\u00e9gel, ainsi que de l\u2019usure humaine. Les surfaces oxyd\u00e9es se fragilisent, ce qui entra\u00eene une perte d&rsquo;agr\u00e9gats pouvant faire perdre 50 % de la surface de votre entr\u00e9e d\u2019asphalte en peu de temps. <\/strong><strong>Le scellant d\u2019asphalte \u00e0 base de\u00a0<\/strong><a style=\"background-color: #ffffff;\" href=\"https:\/\/fr.wikipedia.org\/wiki\/P%C3%A9trole\" target=\"_blank\" rel=\"noopener\"><strong>p\u00e9trole<\/strong><\/a><strong> pr\u00e9sente des propri\u00e9t\u00e9s particuli\u00e8res qui lui permettent de combler les vides des fissures cr\u00e9\u00e9es par le climat et d\u2019autres facteurs.<\/strong><\/p>\n<h3><strong>Raisons et avantages de l\u2019utilisation d\u2019un scellant au bitume<\/strong><\/h3>\n<p style=\"text-align: justify;\"><b>Un asphalte entretenu r\u00e9guli\u00e8rement avec un scellant au bitume peut conserver son apparence pendant de nombreuses ann\u00e9es, tout en am\u00e9liorant consid\u00e9rablement l&rsquo;aspect visuel de votre propri\u00e9t\u00e9.<\/b><\/p>\n<p style=\"text-align: justify;\"><strong>Les principales causes de d\u00e9faillance de l\u2019asphalte sont la p\u00e9n\u00e9tration d\u2019eau et la rudesse de notre climat (soleil, gel et d\u00e9gel). Un scellant \u00e0 base de bitume lui rendra son \u00e9lasticit\u00e9 et son imperm\u00e9abilit\u00e9 d&rsquo;origine. C\u2019est plus qu\u2019une simple peinture, comme le scellant \u00e0 base d\u2019acrylique, qui fait craquer votre asphalte plus rapidement parce qu\u2019il l\u2019emp\u00eache de respirer.<\/strong><\/p>\n<p style=\"text-align: justify;\"><strong>Un traitement d\u2019asphalte avec du scellant au bitume emp\u00eachera votre\u00a0<\/strong><a style=\"background-color: #ffffff;\" href=\"https:\/\/testyoursite.xyz\/laval\/asphalte\/\" target=\"_blank\" rel=\"noopener\"><strong>asphalte<\/strong><\/a><strong> de s\u2019effriter ni de s\u2019\u00e9cailer avec le temps.<\/strong><strong>\u00a0<\/strong><span style=\"margin: 0px; padding: 0px; text-align: left;\"><strong>Le traitement au scellant pour les entr\u00e9es d\u2019asphalte, effectu\u00e9 par\u00a0<\/strong><a href=\"https:\/\/testyoursite.xyz\/laval\/\" target=\"_blank\" rel=\"noopener\"><strong>Laval Asphalte,<\/strong><\/a><strong> prot\u00e9gera votre asphalte contre les mati\u00e8res grasses, l\u2019huile, l\u2019essence, etc.<\/strong><\/span><strong>\u00a0 Il pr\u00e9viendra la p\u00e9n\u00e9tration d&rsquo;impuret\u00e9s et redonnera vie \u00e0 votre stationnement r\u00e9sidentiel ou commercial.<\/strong><\/p>\n<p>[\/vc_column_text][\/vc_column_inner][\/vc_row_inner][vc_empty_space height=\u00a0\u00bb60px\u00a0\u00bb][vc_empty_space height=\u00a0\u00bb90px\u00a0\u00bb][vc_row_inner parallax_style=\u00a0\u00bbnone\u00a0\u00bb parallax_scroll_effect=\u00a0\u00bbfixed\u00a0\u00bb el_class=\u00a0\u00bbmargin-bottom-40&Prime;][vc_column_inner width=\u00a0\u00bb1\/2&Prime;][vc_column_text css=\u00a0\u00bb\u00a0\u00bb]<\/p>\n<h3 style=\"text-align: center;\"><strong>Processus d\u2019application du scellant<\/strong><\/h3>\n<p>&nbsp;<\/p>\n<p style=\"text-align: center;\"><strong>1 &#8211; \u00c9limination des mauvaises herbes \u00e0 l\u2019aide d\u2019un br\u00fbleur pour \u00e9liminer jusqu\u2019\u00e0 la racine<\/strong><\/p>\n<p style=\"text-align: center;\"><strong>2 &#8211; Nettoyage en profondeur \u00e0 l\u2019aide d\u2019un souffleur haute pression et de balais<\/strong><\/p>\n<p style=\"text-align: center;\"><strong>3 &#8211; Application du scellant\u00a0<\/strong><\/p>\n<p style=\"text-align: center;\"><strong>4 &#8211; Installation d\u2019une banderole pour emp\u00eacher la circulation<\/strong><\/p>\n<p>[\/vc_column_text][vc_empty_space height=\u00a0\u00bb50px\u00a0\u00bb][vc_column_text css=\u00a0\u00bb\u00a0\u00bb]<\/p>\n<ul>\n<li style=\"text-align: justify;\"><strong>Vous pouvez marcher sur le scellant d\u00e8s le lendemain matin. Il est fortement recommand\u00e9 d\u2019attendre 48 \u00e0 72 heures (2 \u00e0 3) pour que le scellant circule et vous permette de vous stationner de nouveau sur le scellant avec votre v\u00e9hicule.<\/strong><\/li>\n<\/ul>\n<p>[\/vc_column_text][vc_column_text css=\u00a0\u00bb\u00a0\u00bb]<\/p>\n<ul>\n<li style=\"text-align: justify;\"><b>L\u2019eau n\u2019affecte pas le scellant d\u00e9j\u00e0 appliqu\u00e9 ; elle perlera \u00e0 la surface et ne pourra pas s\u2019infiltrer entre le scellant et l\u2019asphalte, car il agit d\u00e9j\u00e0 comme protection.<\/b><\/li>\n<\/ul>\n<p>[\/vc_column_text][\/vc_column_inner][vc_column_inner width=\u00a0\u00bb1\/2&Prime;][vc_empty_space height=\u00a0\u00bb30px\u00a0\u00bb][vc_images_carousel images=\u00a0\u00bb2556,2557,2558&Prime; img_size=\u00a0\u00bb550&#215;440&Prime; onclick=\u00a0\u00bblink_no\u00a0\u00bb autoplay=\u00a0\u00bbyes\u00a0\u00bb wrap=\u00a0\u00bbyes\u00a0\u00bb css=\u00a0\u00bb\u00a0\u00bb][\/vc_column_inner][\/vc_row_inner][vc_empty_space height=\u00a0\u00bb60px\u00a0\u00bb][\/vc_column][\/vc_row][vc_row][vc_column][vc_row_inner][vc_column_inner][vc_empty_space height=\u00a0\u00bb60px\u00a0\u00bb]<div id=\"uvc-type-wrap-7826\"  data-ultimate-target='#uvc-type-wrap-7826'  data-responsive-json-new='{\"font-size\":\"desktop:50px;tablet_portrait:28px;mobile_landscape:26px;mobile:25px;\",\"line-height\":\"\"}'  class=\"uvc-type-wrap  ult-adjust-bottom-margin ult-responsive  uvc-type-align-center uvc-type-no-prefix uvc-wrap-262364330369e4704b6625a\" style=\"text-align:center;\"><span id=\"typed-262364330369e4704b6625a\" class=\"ultimate-typed-main fancytext-typewriter-background-enabled\" style=\"color:#000000;background:#3ff939; font-weight:bold; text-transform: unset;\"><\/span><script type=\"text\/javascript\">\n\t\t\t\t\t\tjQuery(function($){ \n\t\t\t\t\t\t\t$(document).ready(function(){\n\t\t\t\t\t\t\t\tif( typeof jQuery(\"#typed-262364330369e4704b6625a\").typed == \"function\"){\n\t\t\t\t\t\t\t\t\t$(\"#typed-262364330369e4704b6625a\").typed({\n\t\t\t\t\t\t\t\t\t\tstrings: [\"Appelez-nous\",\"d\u00e8s maintenant\",\"pour un traitement\",\"de scellant d'asphalte\",\"450-328-4118\"],\n\t\t\t\t\t\t\t\t\t\ttypeSpeed: 35,\n\t\t\t\t\t\t\t\t\t\tbackSpeed: 0,\n\t\t\t\t\t\t\t\t\t\tstartDelay: \"200\",\n\t\t\t\t\t\t\t\t\t\tbackDelay: \"1500\",\n\t\t\t\t\t\t\t\t\t\tloop: true,\n\t\t\t\t\t\t\t\t\t\tloopCount: false,\n\t\t\t\t\t\t\t\t\t\tshowCursor: true,\n\t\t\t\t\t\t\t\t\t\tcursorChar: \"|\",\n\t\t\t\t\t\t\t\t\t\tattr: null\n\t\t\t\t\t\t\t\t\t});\n\t\t\t\t\t\t\t\t}\n\t\t\t\t\t\t\t});\n\t\t\t\t\t\t});\n\t\t\t\t\t<\/script><\/div>[vc_empty_space height=\u00a0\u00bb60px\u00a0\u00bb][vc_column_text css=\u00a0\u00bb\u00a0\u00bb]<\/p>\n<h2 style=\"text-align: center;\"><em><strong>Satisfaction 100% garantie<\/strong><\/em><\/h2>\n<p>[\/vc_column_text][vc_empty_space height=\u00a0\u00bb60px\u00a0\u00bb][vc_empty_space height=\u00a0\u00bb60px\u00a0\u00bb][\/vc_column_inner][\/vc_row_inner][\/vc_column][\/vc_row][vc_row css=\u00a0\u00bb.vc_custom_1772780281698{padding-top: 30px !important;padding-bottom: 30px !important;background-color: #FEE800 !important;}\u00a0\u00bb el_class=\u00a0\u00bbbgblack\u00a0\u00bb][vc_column css=\u00a0\u00bb.vc_custom_1772260816410{padding-top: 0px !important;padding-right: 0px !important;padding-bottom: 0px !important;padding-left: 0px !important;background-color: #000000 !important;}\u00a0\u00bb][vc_cta h2=\u00a0\u00bbDemande de Soumission de Traitement de Scellant d&rsquo;Asphalte \u00e0 Laval\u00a0\u00bb h2_font_container=\u00a0\u00bbtag:h2|font_size:30|text_align:left|color:%23ffffff|line_height:1.7&Prime; h2_google_fonts=\u00a0\u00bbfont_family:Oswald%3A300%2Cregular%2C700|font_style:400%20regular%3A400%3Anormal\u00a0\u00bb txt_align=\u00a0\u00bbcenter\u00a0\u00bb shape=\u00a0\u00bbsquare\u00a0\u00bb style=\u00a0\u00bbflat\u00a0\u00bb color=\u00a0\u00bbwhite\u00a0\u00bb add_button=\u00a0\u00bbright\u00a0\u00bb btn_title=\u00a0\u00bbDemande de Soumission\u00a0\u00bb btn_style=\u00a0\u00bboutline-custom\u00a0\u00bb btn_outline_custom_color=\u00a0\u00bb#ffffff\u00a0\u00bb btn_outline_custom_hover_background=\u00a0\u00bb#FEE800&Prime; btn_outline_custom_hover_text=\u00a0\u00bb#000000&Prime; btn_shape=\u00a0\u00bbsquare\u00a0\u00bb css=\u00a0\u00bb.vc_custom_1772269984601{margin-bottom: 0px !important;padding-top: 40px !important;padding-right: 40px !important;padding-bottom: 40px !important;padding-left: 40px !important;background-color: #000000 !important;}\u00a0\u00bb use_custom_fonts_h2=\u00a0\u00bbtrue\u00a0\u00bb el_class=\u00a0\u00bbbgwhite\u00a0\u00bb btn_link=\u00a0\u00bburl:https%3A%2F%2Ftestyoursite.xyz%2Flaval%2Fcontactez-nous%2F|||\u00a0\u00bb][\/vc_cta][\/vc_column][\/vc_row][vc_row layout=\u00a0\u00bbboxed\u00a0\u00bb parallax_scroll_effect=\u00a0\u00bbfixed\u00a0\u00bb el_class=\u00a0\u00bbmargin-top-50 box-center\u00a0\u00bb][vc_column][vc_row_inner layout=\u00a0\u00bbboxed\u00a0\u00bb][vc_column_inner width=\u00a0\u00bb1\/2&Prime;][vc_single_image image=\u00a0\u00bb1404&Prime; img_size=\u00a0\u00bb350&#215;300&Prime; onclick=\u00a0\u00bbcustom_link\u00a0\u00bb css_animation=\u00a0\u00bbbounceIn\u00a0\u00bb css=\u00a0\u00bb\u00a0\u00bb title=\u00a0\u00bbR\u00e9alisations\u00a0\u00bb link=\u00a0\u00bbhttps:\/\/testyoursite.xyz\/laval\/en\/realisations\/\u00a0\u00bb][\/vc_column_inner][vc_column_inner width=\u00a0\u00bb1\/2&Prime;][vc_single_image image=\u00a0\u00bb1493&Prime; img_size=\u00a0\u00bb350&#215;300&Prime; onclick=\u00a0\u00bbcustom_link\u00a0\u00bb css_animation=\u00a0\u00bbbounceIn\u00a0\u00bb css=\u00a0\u00bb\u00a0\u00bb title=\u00a0\u00bbR\u00e9alisations\u00a0\u00bb link=\u00a0\u00bbhttps:\/\/testyoursite.xyz\/laval\/en\/realisations\/\u00a0\u00bb][\/vc_column_inner][\/vc_row_inner][\/vc_column][\/vc_row][vc_row layout=\u00a0\u00bbboxed\u00a0\u00bb el_class=\u00a0\u00bbmargin-bottom-50&Prime;][vc_column]            <div data-plugin-options='{&quot;navigation&quot;:true,&quot;pagination&quot;:false,&quot;singleItem&quot;:false,&quot;stopOnHover&quot;:false,&quot;autoHeight&quot;:false,&quot;autoPlay&quot;:5000,&quot;items&quot;:4,&quot;itemsDesktop&quot;:[1199,4],&quot;itemsDesktopSmall&quot;:[979,4],&quot;itemsTablet&quot;:[768,2],&quot;itemsTabletSmall&quot;:false,&quot;itemsMobile&quot;:[479,1],&quot;itemsScaleUp&quot;:false}'\n                 class=\"darna-services owl-carousel  \" >\n                            <div class=\"darna-services-item\" style=\"background-image: url(https:\/\/testyoursite.xyz\/laval\/wp-content\/uploads\/2020\/03\/asphalt_paving_service_icon-1.jpg)\">\n                <div class=\"content-middle\">\n                     <div class=\"content-middle-inner\">\n                                                      <i class=\"fa fa-road\"><\/i>\n                                                                               <h3><a title=\"ASPHALTE\" target=\"_self\" href=\"https:\/\/testyoursite.xyz\/laval\/asphalte\/\">ASPHALTE<\/a><\/h3>\n                                              <\/div>\n                <\/div>\n            <\/div>\n                        <div class=\"darna-services-item\" style=\"background-image: url(https:\/\/testyoursite.xyz\/laval\/wp-content\/uploads\/2020\/02\/ghunnamed-1.jpg)\">\n                <div class=\"content-middle\">\n                     <div class=\"content-middle-inner\">\n                                                      <i class=\"fa fa-flask\"><\/i>\n                                                                               <h3><a title=\"SCELLANT D&#039;ASPHALTE\" target=\"_self\" href=\"https:\/\/testyoursite.xyz\/laval\/scellant-asphalte\/\">SCELLANT D&#039;ASPHALTE<\/a><\/h3>\n                                              <\/div>\n                <\/div>\n            <\/div>\n                        <div class=\"darna-services-item\" style=\"background-image: url(https:\/\/testyoursite.xyz\/laval\/wp-content\/uploads\/2022\/08\/unnamed-2.jpg)\">\n                <div class=\"content-middle\">\n                     <div class=\"content-middle-inner\">\n                                                      <i class=\"flaticon-road17\"><\/i>\n                                                                               <h3><a title=\"RESURFACAGE\" target=\"_self\" href=\"https:\/\/testyoursite.xyz\/laval\/resurfacage-dasphalte\/\">RESURFACAGE<\/a><\/h3>\n                                              <\/div>\n                <\/div>\n            <\/div>\n                        <div class=\"darna-services-item\" style=\"background-image: url(https:\/\/testyoursite.xyz\/laval\/wp-content\/uploads\/2022\/08\/20200730_090629_resized.jpg)\">\n                <div class=\"content-middle\">\n                     <div class=\"content-middle-inner\">\n                                                      <i class=\"flaticon-tools6\"><\/i>\n                                                                               <h3><a title=\"REPARATION D&#039;ASPHALTE\" target=\"_self\" href=\"https:\/\/testyoursite.xyz\/laval\/reparation-dasphalte\/\">REPARATION D&#039;ASPHALTE<\/a><\/h3>\n                                              <\/div>\n                <\/div>\n            <\/div>\n                        <\/div>\n            [\/vc_column][\/vc_row]<\/p>\n<\/div>","protected":false},"excerpt":{"rendered":"<p>[vc_row css=\u00a0\u00bb.vc_custom_1772780268207{padding-top: 30px !important;padding-bottom: 30px !important;background-color: #FEE800 !important;}\u00a0\u00bb el_class=\u00a0\u00bbbgblack\u00a0\u00bb][vc_column css=\u00a0\u00bb.vc_custom_1772260816410{padding-top: 0px !important;padding-right: 0px !important;padding-bottom: 0px !important;padding-left: 0px !important;background-color: #000000 !important;}\u00a0\u00bb][vc_cta h2=\u00a0\u00bbDemande de Soumission de Traitement de Scellant d&rsquo;Asphalte \u00e0 Laval\u00a0\u00bb h2_font_container=\u00a0\u00bbtag:h2|font_size:30|text_align:left|color:%23ffffff|line_height:1.7&Prime; h2_google_fonts=\u00a0\u00bbfont_family:Oswald%3A300%2Cregular%2C700|font_style:400%20regular%3A400%3Anormal\u00a0\u00bb txt_align=\u00a0\u00bbcenter\u00a0\u00bb shape=\u00a0\u00bbsquare\u00a0\u00bb style=\u00a0\u00bbflat\u00a0\u00bb color=\u00a0\u00bbwhite\u00a0\u00bb add_button=\u00a0\u00bbright\u00a0\u00bb btn_title=\u00a0\u00bbDemande de Soumission\u00a0\u00bb btn_style=\u00a0\u00bboutline-custom\u00a0\u00bb btn_outline_custom_color=\u00a0\u00bb#ffffff\u00a0\u00bb btn_outline_custom_hover_background=\u00a0\u00bb#FEE800&Prime; btn_outline_custom_hover_text=\u00a0\u00bb#000000&Prime; btn_shape=\u00a0\u00bbsquare\u00a0\u00bb css=\u00a0\u00bb.vc_custom_1776059962043{margin-bottom: 0px !important;padding-top: 40px !important;padding-right: 40px !important;padding-bottom: 40px !important;padding-left: 40px [&hellip;]<\/p>\n","protected":false},"author":3,"featured_media":2561,"parent":0,"menu_order":0,"comment_status":"closed","ping_status":"closed","template":"","meta":{"footnotes":""},"class_list":["post-1153","page","type-page","status-publish","has-post-thumbnail","hentry"],"_hostinger_reach_plugin_has_subscription_block":false,"_hostinger_reach_plugin_is_elementor":false,"_links":{"self":[{"href":"https:\/\/testyoursite.xyz\/laval\/wp-json\/wp\/v2\/pages\/1153","targetHints":{"allow":["GET"]}}],"collection":[{"href":"https:\/\/testyoursite.xyz\/laval\/wp-json\/wp\/v2\/pages"}],"about":[{"href":"https:\/\/testyoursite.xyz\/laval\/wp-json\/wp\/v2\/types\/page"}],"author":[{"embeddable":true,"href":"https:\/\/testyoursite.xyz\/laval\/wp-json\/wp\/v2\/users\/3"}],"replies":[{"embeddable":true,"href":"https:\/\/testyoursite.xyz\/laval\/wp-json\/wp\/v2\/comments?post=1153"}],"version-history":[{"count":14,"href":"https:\/\/testyoursite.xyz\/laval\/wp-json\/wp\/v2\/pages\/1153\/revisions"}],"predecessor-version":[{"id":2006730,"href":"https:\/\/testyoursite.xyz\/laval\/wp-json\/wp\/v2\/pages\/1153\/revisions\/2006730"}],"wp:featuredmedia":[{"embeddable":true,"href":"https:\/\/testyoursite.xyz\/laval\/wp-json\/wp\/v2\/media\/2561"}],"wp:attachment":[{"href":"https:\/\/testyoursite.xyz\/laval\/wp-json\/wp\/v2\/media?parent=1153"}],"curies":[{"name":"wp","href":"https:\/\/api.w.org\/{rel}","templated":true}]}}