{"id":1252,"date":"2020-02-28T14:34:57","date_gmt":"2020-02-28T19:34:57","guid":{"rendered":"https:\/\/testyoursite.xyz\/laval\/?page_id=1252"},"modified":"2026-03-25T11:38:41","modified_gmt":"2026-03-25T15:38:41","slug":"laval-quebec-2","status":"publish","type":"page","link":"https:\/\/testyoursite.xyz\/laval\/en\/laval-quebec-2\/","title":{"rendered":"LAVAL CITY, QUEBEC"},"content":{"rendered":"<div class=\"wpb-content-wrapper\"><p>[vc_row css=&#8221;.vc_custom_1772265937041{padding-top: 30px !important;padding-bottom: 30px !important;background-color: #FFF830 !important;}&#8221; el_class=&#8221;bgblack&#8221;][vc_column css=&#8221;.vc_custom_1772260816410{padding-top: 0px !important;padding-right: 0px !important;padding-bottom: 0px !important;padding-left: 0px !important;background-color: #000000 !important;}&#8221;][vc_cta h2=&#8221;Asphalt Paving Work Quote Request in Laval&#8221; h2_font_container=&#8221;tag:h2|font_size:30|text_align:left|color:%23ffffff|line_height:1.7&#8243; h2_google_fonts=&#8221;font_family:Oswald%3A300%2Cregular%2C700|font_style:400%20regular%3A400%3Anormal&#8221; txt_align=&#8221;center&#8221; shape=&#8221;square&#8221; style=&#8221;flat&#8221; color=&#8221;white&#8221; add_button=&#8221;right&#8221; btn_title=&#8221;Request for submission&#8221; btn_style=&#8221;outline-custom&#8221; btn_outline_custom_color=&#8221;#ffffff&#8221; btn_outline_custom_hover_background=&#8221;#FEE800&#8243; btn_outline_custom_hover_text=&#8221;#000000&#8243; btn_shape=&#8221;square&#8221; css=&#8221;.vc_custom_1772439344928{margin-bottom: 0px !important;padding-top: 40px !important;padding-right: 40px !important;padding-bottom: 40px !important;padding-left: 40px !important;background-color: #000000 !important;}&#8221; use_custom_fonts_h2=&#8221;true&#8221; el_class=&#8221;bgwhite&#8221; btn_link=&#8221;url:https%3A%2F%2Ftestyoursite.xyz%2Flaval%2Fcontactez-nous%2F|||&#8221;][\/vc_cta][\/vc_column][\/vc_row][vc_row layout=&#8221;boxed&#8221; parallax_scroll_effect=&#8221;fixed&#8221; el_class=&#8221;margin-top-40&#8243;][vc_column width=&#8221;3\/4&#8243;][vc_custom_heading text=&#8221;ASPHALT IN LAVAL, QUEBEC&#8221; font_container=&#8221;tag:h2|font_size:30|text_align:left|color:%230f0f0f&#8221; use_theme_fonts=&#8221;yes&#8221;][vc_custom_heading text=&#8221;About our asphalt services&#8221; use_theme_fonts=&#8221;yes&#8221;][vc_empty_space][vc_column_text]<\/p>\n<p style=\"text-align: left;\">Are you looking for a <a href=\"https:\/\/testyoursite.xyz\/laval\/en\/\">paving company<\/a> for asphalt paving services in Laval, Laval Asphalte is simply the best solution. Choosing the right asphalt paving contractor in Laval is important to ensure well-done and durable paving work. With over 25 years of experience in the industry, Laval Asphalte offers a wide range of asphalt services in Laval for customers in residential, commercial, and industrial areas.<\/p>\n<p style=\"text-align: left;\">Whether you are looking for asphalt paving, asphalt sealer service, full paving, asphalt repairs, or asphalt resurfacing in Laval; we can take care of your asphalt project. Contact us at 450-328-4118\u00a0 for your Laval asphalt work. We will assess your needs and recommend the best solution. With over 8,000 satisfied customers, we are sure to offer the best asphalt services in Laval.<\/p>\n<p>[\/vc_column_text][vc_empty_space height=&#8221;52px&#8221;][vc_single_image image=&#8221;4184&#8243; img_size=&#8221;full&#8221; alignment=&#8221;center&#8221;][vc_empty_space height=&#8221;62px&#8221;][vc_custom_heading text=&#8221;Laval Asphalt; Laval, Quebec&#8221; use_theme_fonts=&#8221;yes&#8221;]<div id=\"ultimate-video-421369e4a151c6fdd\" class=\"ult-video  ult-adjust-bottom-margin ultimate-video-421369e4a151c6fdd ultv-6121 \"><div class=\"ultv-video ultv-aspect-ratio-16_9 ultv-subscribe-responsive-none\" data-videotype=\"uv_iframe\">\n\t\t\t\t\t\t<div class=\"ultv-video__outer-wrap\" data-autoplay=\"0\" data-device=\"false\"  data-iconbg=\"#3A3A3A\" data-overcolor=\"\" data-defaultbg=\"#1f1f1e\" data-defaultplay=\"defaulticon\"><div class=\"ultv-video__play\" data-src=\"https:\/\/www.youtube-nocookie.com\/embed\/ZE4V3yaZYjI?rel=0&#038;start&#038;end&#038;controls=1&#038;mute=0&#038;modestbranding=0&#038;autoplay=1\">\n\t\t\t\t\t\t\t\t<img decoding=\"async\" class=\"ultv-video__thumb\" src=\"https:\/\/i.ytimg.com\/vi\/ZE4V3yaZYjI\/maxresdefault.jpg\" alt=\"\" title=\"\">\n\t\t\t\t\t\t\t\t<div class=\"ultv-video__play-icon  ultv-animation-none\" style=\"width:75px\"><svg height=\"100%\" version=\"1.1\" viewBox=\"0 0 68 48\" width=\"100%\"><path class=\"ultv-youtube-icon-bg\" d=\"m .66,37.62 c 0,0 .66,4.70 2.70,6.77 2.58,2.71 5.98,2.63 7.49,2.91 5.43,.52 23.10,.68 23.12,.68 .00,-1.3e-5 14.29,-0.02 23.81,-0.71 1.32,-0.15 4.22,-0.17 6.81,-2.89 2.03,-2.07 2.70,-6.77 2.70,-6.77 0,0 .67,-5.52 .67,-11.04 l 0,-5.17 c 0,-5.52 -0.67,-11.04 -0.67,-11.04 0,0 -0.66,-4.70 -2.70,-6.77 C 62.03,.86 59.13,.84 57.80,.69 48.28,0 34.00,0 34.00,0 33.97,0 19.69,0 10.18,.69 8.85,.84 5.95,.86 3.36,3.58 1.32,5.65 .66,10.35 .66,10.35 c 0,0 -0.55,4.50 -0.66,9.45 l 0,8.36 c .10,4.94 .66,9.45 .66,9.45 z\" fill=\"#1f1f1e\" ><\/path><path d=\"m 26.96,13.67 18.37,9.62 -18.37,9.55 -0.00,-19.17 z\" fill=\"#fff\"><\/path><path d=\"M 45.02,23.46 45.32,23.28 26.96,13.67 43.32,22.34 45.02,23.46 z\" fill=\"#ccc\"><\/path><\/svg><\/div> <\/div> <\/div><\/div><\/div>[vc_empty_space height=&#8221;52px&#8221;][vc_row_inner][vc_column_inner width=&#8221;1\/2&#8243;][vc_custom_heading text=&#8221;SERVICES WE PROVIDE&#8221; use_theme_fonts=&#8221;yes&#8221;][vc_column_text]<\/p>\n<ul>\n<li><a href=\"https:\/\/testyoursite.xyz\/laval\/en\/asphalt\/\">ASPHALT<\/a><\/li>\n<li><a href=\"https:\/\/testyoursite.xyz\/laval\/en\/asphalt-repair\/\">ASPHALT REPAIR<\/a><\/li>\n<li><a href=\"https:\/\/testyoursite.xyz\/laval\/en\/asphalt-resurfacing\/\">ASPHALT RESURFACING<\/a><\/li>\n<li><a href=\"https:\/\/testyoursite.xyz\/laval\/en\/complete-paving\/\">COMPLETE ASPHALT PAVING<\/a><\/li>\n<li><a href=\"https:\/\/testyoursite.xyz\/laval\/en\/asphalt-sealer\/\">ASPHALT SEALER<\/a><\/li>\n<\/ul>\n<p>[\/vc_column_text][vc_empty_space height=&#8221;52px&#8221;][vc_custom_heading text=&#8221;Our Laval Asphalte Review Sites&#8221; use_theme_fonts=&#8221;yes&#8221;][vc_column_text]<\/p>\n<ul>\n<li><a href=\"https:\/\/www.facebook.com\/entrepreneurpavageLaval\" target=\"_blank\" rel=\"noopener\">Facebook<\/a><\/li>\n<li>Yellow Pages<\/li>\n<li>Yelp<\/li>\n<li><a href=\"https:\/\/testyoursite.xyz\/laval\/en\/links\/\">Other sites<\/a><\/li>\n<\/ul>\n<p>[\/vc_column_text][vc_empty_space height=&#8221;52px&#8221;][\/vc_column_inner][vc_column_inner width=&#8221;1\/2&#8243;][vc_empty_space][vc_single_image image=&#8221;4125&#8243; img_size=&#8221;medium&#8221;][\/vc_column_inner][\/vc_row_inner][vc_row_inner][vc_column_inner width=&#8221;1\/2&#8243;][vc_custom_heading text=&#8221;Service Areas&#8221; use_theme_fonts=&#8221;yes&#8221;][vc_column_text]<\/p>\n<ul>\n<li><a href=\"https:\/\/www.laval.ca\/lieux\/Pages\/Fr\/centre-communautaire-champfleury.aspx\" target=\"_blank\" rel=\"noopener\">Champfleury, Laval, QC<\/a><\/li>\n<li><a href=\"https:\/\/en.wikipedia.org\/wiki\/Sainte-Rose,_Quebec\" target=\"_blank\" rel=\"noopener\">Sainte-Rose, Laval, QC<\/a><\/li>\n<li><a href=\"https:\/\/en.wikipedia.org\/wiki\/Duvernay,_Quebec\" target=\"_blank\" rel=\"noopener\">Duvernay, Laval, QC<\/a><\/li>\n<li><a href=\"https:\/\/en.wikipedia.org\/wiki\/Saint-Vincent-de-Paul,_Quebec\" target=\"_blank\" rel=\"noopener\">Saint-Vincent-de-Paul, Laval, QC<\/a><\/li>\n<li><a href=\"https:\/\/en.wikipedia.org\/wiki\/Saint-Fran%C3%A7ois,_Laval\" target=\"_blank\" rel=\"noopener\">Saint-Francois, Laval, QC<\/a><\/li>\n<li><a href=\"https:\/\/en.wikipedia.org\/wiki\/Auteuil,_Quebec\" target=\"_blank\" rel=\"noopener\">Auteuil, Laval, Qc<\/a><\/li>\n<li><a href=\"https:\/\/en.wikipedia.org\/wiki\/Laval-sur-le-Lac\" target=\"_blank\" rel=\"noopener\">Laval-sur-le-Lac, Laval, QC<\/a><\/li>\n<\/ul>\n<p>[\/vc_column_text][\/vc_column_inner][vc_column_inner width=&#8221;1\/2&#8243;][vc_empty_space height=&#8221;52px&#8221;][vc_column_text]<\/p>\n<ul>\n<li><a href=\"https:\/\/www.laval.ca\/histoire-et-patrimoine\/Pages\/Fr\/sainte-dorothee.aspx\" target=\"_blank\" rel=\"noopener\">Sainte-Doroth\u00e9e, Laval, QC <\/a><\/li>\n<li><a href=\"https:\/\/fr.wikipedia.org\/wiki\/Fabreville\" target=\"_blank\" rel=\"noopener\">Fabreville, Laval, QC<\/a><\/li>\n<li><a href=\"https:\/\/en.wikipedia.org\/wiki\/Chomedey,_Quebec\" target=\"_blank\" rel=\"noopener\">Chomedey, Laval, QC<\/a><\/li>\n<li><a href=\"https:\/\/en.wikipedia.org\/wiki\/Laval-des-Rapides\" target=\"_blank\" rel=\"noopener\">Laval-des-Rapides, Laval, QC<\/a><\/li>\n<li><a href=\"https:\/\/en.wikipedia.org\/wiki\/Pont-Viau,_Quebec\" target=\"_blank\" rel=\"noopener\">Pont-Viau, Laval, QC<\/a><\/li>\n<li><a href=\"https:\/\/en.wikipedia.org\/wiki\/Vimont,_Quebec\" target=\"_blank\" rel=\"noopener\">Vimont,Laval, Qc<\/a><\/li>\n<li><a href=\"https:\/\/en.wikipedia.org\/wiki\/Laval-Ouest\" target=\"_blank\" rel=\"noopener\">Laval-Ouest, Laval, Qc<\/a><\/li>\n<\/ul>\n<p>[\/vc_column_text][\/vc_column_inner][\/vc_row_inner][\/vc_column][vc_column width=&#8221;1\/4&#8243;][vc_custom_heading text=&#8221;Laval Asphalte&#8221; font_container=&#8221;tag:h4|font_size:24|text_align:left&#8221; google_fonts=&#8221;font_family:Oswald%3A300%2Cregular%2C700|font_style:400%20regular%3A400%3Anormal&#8221;][vc_column_text]<\/p>\n<ul class=\"\">\n<li><i class=\"fa fa-map-marker\">\u00a0<\/i>240\u00a0 \u00a081e Avenue suite 3, Laval, Quebec H7V 3M1<\/li>\n<li><i class=\"fa fa-envelope-o\"><\/i>\u00a0 info@testyoursite.xyz<\/li>\n<li><i class=\"fa fa-phone\">\u00a0450-328-4118<\/i><\/li>\n<\/ul>\n<p>[\/vc_column_text][vc_empty_space height=&#8221;22px&#8221;][vc_custom_heading text=&#8221;DIRECTION&#8221; font_container=&#8221;tag:h2|font_size:24|text_align:left&#8221; google_fonts=&#8221;font_family:Oswald%3A300%2Cregular%2C700|font_style:400%20regular%3A400%3Anormal&#8221; link=&#8221;url:https%3A%2F%2Fwww.google.com%2Fmaps%2Fdir%2F%2FLaval%2BAsphalte%2C%2B240%2B81e%2BAvenue%2Bsuite%2B3%2C%2BLaval%2C%2BQuebec%2BH7V%2B3M1%2F%4045.5810994%2C-73.8133242%2C12z%2Fdata%3D!4m8!4m7!1m0!1m5!1m1!1s0x4cc923dfd0f5bd09%3A0xdca129b01217431f!2m2!1d-73.7403254!2d45.53521|||&#8221;][vc_empty_space height=&#8221;22px&#8221;][vc_custom_heading text=&#8221;Service Areas Laval Asphalte&#8221; font_container=&#8221;tag:h2|font_size:24|text_align:left&#8221; use_theme_fonts=&#8221;yes&#8221;][vc_gmaps link=&#8221;#E-8_JTNDaWZyYW1lJTIwc3JjJTNEJTIyaHR0cHMlM0ElMkYlMkZ3d3cuZ29vZ2xlLmNvbSUyRm1hcHMlMkZkJTJGdSUyRjAlMkZlbWJlZCUzRm1pZCUzRDFjV1U1NmMwaUVrN3BNV01td1pMYUU2NFI2Xzg1Z1E4JTI2ZWhiYyUzRDJFMzEyRiUyMiUyMHdpZHRoJTNEJTIyMzIwJTIyJTIwaGVpZ2h0JTNEJTIyMzQwJTIyJTNFJTNDJTJGaWZyYW1lJTNF&#8221;][vc_empty_space height=&#8221;22px&#8221;][vc_custom_heading text=&#8221;Latest Reviews&#8221; use_theme_fonts=&#8221;yes&#8221;][vc_column_text]<\/p>\n<h4 style=\"text-align: center; line-height: 1;\"><a href=\"https:\/\/g.co\/kgs\/mEqEAX\">Une \u00e9quipe de professionnels, rapide et efficace, je recommande fortement, meilleur rapport qualit\u00e9 prix.<\/a><\/h4>\n<h2 style=\"color: #fee800; line-height: 1; text-align: center;\">*****<\/h2>\n<p>[\/vc_column_text][vc_column_text]<\/p>\n<h4 style=\"text-align: center; line-height: 1;\"><a href=\"https:\/\/g.co\/kgs\/6pqXpV\">Tr\u00e8s satisfaite du travail de J. Fran\u00e7ois et son \u00e9quipe.<\/a><br \/>\nponctualit\u00e9, propret\u00e9 apr\u00e8s les travaux.<\/h4>\n<h2 style=\"color: #fee800; line-height: 1; text-align: center;\">*****<\/h2>\n<p>[\/vc_column_text][vc_column_text]<\/p>\n<h4 style=\"text-align: center; line-height: 1;\"><a href=\"https:\/\/g.co\/kgs\/FvqqmA\">Tr\u00e8s bon service et \u00e9quipe d\u00e9di\u00e9. Travail bien fait et r\u00e9ponse rapide<\/a><\/h4>\n<h2 style=\"color: #fee800; line-height: 1; text-align: center;\">****<\/h2>\n<p>[\/vc_column_text][vc_empty_space height=&#8221;22px&#8221;][vc_custom_heading text=&#8221;Specialized Categories&#8221; use_theme_fonts=&#8221;yes&#8221;][vc_column_text]<\/p>\n<ul>\n<li><a href=\"https:\/\/testyoursite.xyz\/laval\/en\/\">Asphalt paving contractor<\/a><\/li>\n<li><a href=\"https:\/\/testyoursite.xyz\/laval\/en\/\">Asphalt contractor<\/a><\/li>\n<\/ul>\n<p>[\/vc_column_text][vc_empty_space height=&#8221;22px&#8221;][vc_custom_heading text=&#8221;Office Hours&#8221; use_theme_fonts=&#8221;yes&#8221;][vc_column_text]<\/p>\n<table>\n<tbody>\n<tr>\n<td>Monday<\/td>\n<td>07.00 am-08.00 pm<\/td>\n<\/tr>\n<tr>\n<td>Tuesday<\/td>\n<td>07.00 am-08.00 pm<\/td>\n<\/tr>\n<tr>\n<td>Wednesday<\/td>\n<td>07.00 am-08.00 pm<\/td>\n<\/tr>\n<tr>\n<td>Thursday<\/td>\n<td>07.00 am-08.00 pm<\/td>\n<\/tr>\n<tr>\n<td>Friday<\/td>\n<td>07.00 am-08.00 pm<\/td>\n<\/tr>\n<tr>\n<td>Saturday<\/td>\n<td>08.00 am-05.00 pm<\/td>\n<\/tr>\n<tr>\n<td>Sunday<\/td>\n<td>Closed<\/td>\n<\/tr>\n<\/tbody>\n<\/table>\n<p>[\/vc_column_text][vc_empty_space height=&#8221;22px&#8221;][vc_column_text]<\/p>\n<h2 style=\"text-align: left; line-height: 1;\">Accepted Payments<\/h2>\n<p style=\"text-align: left; line-height: 1;\">We accept cash, cheque, and e-transfer<\/p>\n<p>[\/vc_column_text][vc_empty_space height=&#8221;22px&#8221;][vc_column_text]<\/p>\n<h2 style=\"text-align: left; line-height: 1;\">Nearby Places<\/h2>\n<p style=\"text-align: left; line-height: 1;\"><strong>Restaurants:<\/strong><\/p>\n<ul>\n<li class=\"qrShPb kno-ecr-pt PZPZlf q8U8x PPT5v hNKfZe\" data-dtype=\"d3ifr\" data-local-attribute=\"d3bn\" data-attrid=\"title\" data-ved=\"2ahUKEwiqo7qq9Kf4AhX9g4kEHVJCCSEQ3B0oAXoECBEQAg\"><a href=\"https:\/\/vuyo.me\/en-view.php?seo=castello-resto-lounge-836447\" target=\"_blank\" rel=\"noopener\">Castello Resto Lounge<\/a><\/li>\n<li><a href=\"https:\/\/www.ouestantoniospizza.com\/\" target=\"_blank\" rel=\"noopener\">Ouest Antonio&#8217;s Pizza<\/a><\/li>\n<li class=\"qrShPb kno-ecr-pt PZPZlf q8U8x PPT5v hNKfZe\" data-dtype=\"d3ifr\" data-local-attribute=\"d3bn\" data-attrid=\"title\" data-ved=\"2ahUKEwiqo7qq9Kf4AhX9g4kEHVJCCSEQ3B0oAXoECBEQAg\"><a href=\"https:\/\/www.publiksburgerbar.com\/\" target=\"_blank\" rel=\"noopener\">Publiks Cafe \u2022 Resto \u2022 Bar<\/a><\/li>\n<li class=\"qrShPb kno-ecr-pt PZPZlf q8U8x PPT5v\" data-dtype=\"d3ifr\" data-local-attribute=\"d3bn\" data-attrid=\"title\" data-ved=\"2ahUKEwjI2M7N9af4AhWyl-AKHZdhAWwQ3B0oAHoECA8QAQ\"><a href=\"https:\/\/www.dunnsfamous.com\/emplacements\/laval\/laval\/\" target=\"_blank\" rel=\"noopener\">Dunn&#8217;s Laval<\/a><\/li>\n<li class=\"qrShPb kno-ecr-pt PZPZlf q8U8x PPT5v\" data-dtype=\"d3ifr\" data-local-attribute=\"d3bn\" data-attrid=\"title\" data-ved=\"2ahUKEwjI2M7N9af4AhWyl-AKHZdhAWwQ3B0oAHoECA8QAQ\"><a href=\"https:\/\/eggstyle.ca\/\" target=\"_blank\" rel=\"noopener\">D\u00e9jeuner Eggstyle<\/a><\/li>\n<\/ul>\n<p>[\/vc_column_text][vc_empty_space height=&#8221;22px&#8221;][vc_column_text]<strong>Hotels:<\/strong><\/p>\n<ul>\n<li><a href=\"https:\/\/www.hilton.com\/en\/hotels\/yullvhx-hampton-suites-laval\/\" target=\"_blank\" rel=\"noopener\">Hampton Inn &amp; Suites by Hilton Laval \u00a0\u00a0<\/a><\/li>\n<li><a href=\"https:\/\/www.grandtimeshotel.com\/grand-times-laval\/fr\/\" target=\"_blank\" rel=\"noopener\">Grand H\u00f4tel Times Laval &#8211; Centropolis<\/a><\/li>\n<li><a href=\"https:\/\/www.lefabreville.com\/\" target=\"_blank\" rel=\"noopener\">Le Fabreville Motel et Suites<\/a><\/li>\n<li><a href=\"https:\/\/www.marriott.com\/en-us\/hotels\/yulls-sheraton-laval-hotel\/overview\/?scid=f2ae0541-1279-4f24-b197-a979c79310b0\" target=\"_blank\" rel=\"noopener\">Sheraton Laval Hotel<\/a><\/li>\n<li><a href=\"https:\/\/motelnewstar.com\/\" target=\"_blank\" rel=\"noopener\">Motel Newstar Laval<\/a><\/li>\n<\/ul>\n<p>[\/vc_column_text][vc_empty_space height=&#8221;22px&#8221;][vc_column_text]<strong>Bars:<\/strong><\/p>\n<ul>\n<li><a href=\"http:\/\/couteautranche.com\/\" target=\"_blank\" rel=\"noopener\">Couteau Tranch\u00e9 Restaurant-Bar &amp; Lounge<\/a><\/li>\n<li><a href=\"https:\/\/www.lesterose.com\/\" target=\"_blank\" rel=\"noopener\">Restaurant &amp; Bar Le Ste Rose<\/a><\/li>\n<li><a href=\"https:\/\/houstonresto.com\/restaurant\/laval-centropolis\/\" target=\"_blank\" rel=\"noopener\">Houston Avenue Bar &amp; Grill<\/a><\/li>\n<li><a href=\"https:\/\/www.facebook.com\/barlechampion1\/\" target=\"_blank\" rel=\"noopener\">Bar le Champion<\/a><\/li>\n<li><a href=\"https:\/\/towne380.com\/\" target=\"_blank\" rel=\"noopener\">TOWNE380 Steakhouse<\/a><\/li>\n<\/ul>\n<p>[\/vc_column_text][\/vc_column][\/vc_row][vc_row][vc_column][vc_empty_space][\/vc_column][\/vc_row][vc_row css=&#8221;.vc_custom_1772265937041{padding-top: 30px !important;padding-bottom: 30px !important;background-color: #FFF830 !important;}&#8221; el_class=&#8221;bgblack&#8221;][vc_column css=&#8221;.vc_custom_1772260816410{padding-top: 0px !important;padding-right: 0px !important;padding-bottom: 0px !important;padding-left: 0px !important;background-color: #000000 !important;}&#8221;][vc_cta h2=&#8221;Asphalt Paving Work Quote Request in Laval&#8221; h2_font_container=&#8221;tag:h2|font_size:30|text_align:left|color:%23ffffff|line_height:1.7&#8243; h2_google_fonts=&#8221;font_family:Oswald%3A300%2Cregular%2C700|font_style:400%20regular%3A400%3Anormal&#8221; txt_align=&#8221;center&#8221; shape=&#8221;square&#8221; style=&#8221;flat&#8221; color=&#8221;white&#8221; add_button=&#8221;right&#8221; btn_title=&#8221;Request for submission&#8221; btn_style=&#8221;outline-custom&#8221; btn_outline_custom_color=&#8221;#ffffff&#8221; btn_outline_custom_hover_background=&#8221;#FEE800&#8243; btn_outline_custom_hover_text=&#8221;#000000&#8243; btn_shape=&#8221;square&#8221; css=&#8221;.vc_custom_1772439369063{margin-bottom: 0px !important;padding-top: 40px !important;padding-right: 40px !important;padding-bottom: 40px !important;padding-left: 40px !important;background-color: #000000 !important;}&#8221; use_custom_fonts_h2=&#8221;true&#8221; el_class=&#8221;bgwhite&#8221; btn_link=&#8221;url:https%3A%2F%2Ftestyoursite.xyz%2Flaval%2Fcontactez-nous%2F|||&#8221;][\/vc_cta][\/vc_column][\/vc_row]<\/p>\n<\/div>","protected":false},"excerpt":{"rendered":"<p>[vc_row css=&#8221;.vc_custom_1772265937041{padding-top: 30px !important;padding-bottom: 30px !important;background-color: #FFF830 !important;}&#8221; el_class=&#8221;bgblack&#8221;][vc_column css=&#8221;.vc_custom_1772260816410{padding-top: 0px !important;padding-right: 0px !important;padding-bottom: 0px !important;padding-left: 0px !important;background-color: #000000 !important;}&#8221;][vc_cta h2=&#8221;Asphalt Paving Work Quote Request in Laval&#8221; h2_font_container=&#8221;tag:h2|font_size:30|text_align:left|color:%23ffffff|line_height:1.7&#8243; h2_google_fonts=&#8221;font_family:Oswald%3A300%2Cregular%2C700|font_style:400%20regular%3A400%3Anormal&#8221; txt_align=&#8221;center&#8221; shape=&#8221;square&#8221; style=&#8221;flat&#8221; color=&#8221;white&#8221; add_button=&#8221;right&#8221; btn_title=&#8221;Request for submission&#8221; btn_style=&#8221;outline-custom&#8221; btn_outline_custom_color=&#8221;#ffffff&#8221; btn_outline_custom_hover_background=&#8221;#FEE800&#8243; btn_outline_custom_hover_text=&#8221;#000000&#8243; btn_shape=&#8221;square&#8221; css=&#8221;.vc_custom_1772439344928{margin-bottom: 0px !important;padding-top: 40px !important;padding-right: 40px !important;padding-bottom: 40px !important;padding-left: 40px !important;background-color: #000000 !important;}&#8221; [&hellip;]<\/p>\n","protected":false},"author":3,"featured_media":0,"parent":0,"menu_order":0,"comment_status":"closed","ping_status":"closed","template":"","meta":{"footnotes":""},"class_list":["post-1252","page","type-page","status-publish","hentry"],"_hostinger_reach_plugin_has_subscription_block":false,"_hostinger_reach_plugin_is_elementor":false,"_links":{"self":[{"href":"https:\/\/testyoursite.xyz\/laval\/en\/wp-json\/wp\/v2\/pages\/1252","targetHints":{"allow":["GET"]}}],"collection":[{"href":"https:\/\/testyoursite.xyz\/laval\/en\/wp-json\/wp\/v2\/pages"}],"about":[{"href":"https:\/\/testyoursite.xyz\/laval\/en\/wp-json\/wp\/v2\/types\/page"}],"author":[{"embeddable":true,"href":"https:\/\/testyoursite.xyz\/laval\/en\/wp-json\/wp\/v2\/users\/3"}],"replies":[{"embeddable":true,"href":"https:\/\/testyoursite.xyz\/laval\/en\/wp-json\/wp\/v2\/comments?post=1252"}],"version-history":[{"count":28,"href":"https:\/\/testyoursite.xyz\/laval\/en\/wp-json\/wp\/v2\/pages\/1252\/revisions"}],"predecessor-version":[{"id":2006515,"href":"https:\/\/testyoursite.xyz\/laval\/en\/wp-json\/wp\/v2\/pages\/1252\/revisions\/2006515"}],"wp:attachment":[{"href":"https:\/\/testyoursite.xyz\/laval\/en\/wp-json\/wp\/v2\/media?parent=1252"}],"curies":[{"name":"wp","href":"https:\/\/api.w.org\/{rel}","templated":true}]}}